{"id":2042,"date":"2019-10-07T14:34:04","date_gmt":"2019-10-07T18:34:04","guid":{"rendered":"https:\/\/4sproducts.com\/productos\/"},"modified":"2020-10-22T09:52:16","modified_gmt":"2020-10-22T13:52:16","slug":"productos","status":"publish","type":"page","link":"https:\/\/4sproducts.com\/es\/productos\/","title":{"rendered":"Productos"},"content":{"rendered":"\n\t<h1>Productos<\/h1>\n<h4>La excelencia no tiene l\u00edmites<\/h4>\n\t<h3>Nuestros productos y soluciones<\/h3>\n<p>Nuestras soluciones din\u00e1micas de cable se originan en nuestro enfoque basado en la innovaci\u00f3n, en nuestro riguroso control de calidad y en nuestra amplia experiencia con los mercados en evoluci\u00f3n de telecomunicaciones y energ\u00eda. Nuestros productos dise\u00f1ados a medida se fabrican con materias primas de la m\u00e1s alta calidad, de acuerdo con los est\u00e1ndares internacionales establecidos y los requisitos espec\u00edficos del cliente para cada pa\u00eds. El \u00e9xito y el crecimiento de nuestros clientes y nuestro compromiso con la excelencia son fundamentales en todo lo que hacemos. <\/p>\n<h3>Instalaciones de producci\u00f3n 4S Products<\/h3>\n<p>Nuestra producci\u00f3n se realiza en instalaciones de \u00faltima generaci\u00f3n que miden un espacio total de suelo de 1.600.000 pies cuadrados (150.000 m2) y un \u00e1rea de sitio de 4.413.000 pies cuadrados (410.000 m2). <\/p>\n<h3>Control de calidad | Calidad en la que puede confiar<\/h3>\n<p>Todos nuestros cables se prueban rigurosamente durante todas las etapas de producci\u00f3n. Nuestras pruebas se realizan en laboratorios especializados y las realiza un equipo de expertos con las \u00faltimas tecnolog\u00edas en laboratorios como Kema, TSE, IPH, Kinectrics y TUV. <\/p>\n\t\t\t\t\t\t\t\t\t\t\t<img decoding=\"async\" src=\"https:\/\/4sproducts.com\/wp-content\/uploads\/2018\/05\/energy-cables.jpg\" alt=\"Production capacity 100,000 tons\">\n\t\t\t\t\t<p>Capacidad de producci\u00f3n 100.000 toneladas<\/p>\t\t\t\t\t\n\t\t\t<a href=\"https:\/\/4sproducts.com\/es\/cables-de-energia\/\" target=\"_self\" role=\"button\" rel=\"noopener noreferrer\">\n\t\t\t\t\t\t\t<strong>Ver<\/strong>\n\t\t<\/a>\n\t\t\t\t<h4>\n\t\t\tCables de <br> Energia\t\t<\/h4>\n\t\t\t\t\t\t\t\t\t\t\t<img decoding=\"async\" src=\"https:\/\/4sproducts.com\/wp-content\/uploads\/2018\/05\/aluminum-conductors.jpg\" alt=\"Production capacity 50,000 tons\">\n\t\t\t\t\t<p>Capacidad de producci\u00f3n 50.000 toneladas de cobre<\/p>\t\t\t\t\t\n\t\t\t<a href=\"https:\/\/4sproducts.com\/es\/conductores-de-aluminio\/\" target=\"_self\" role=\"button\" rel=\"noopener noreferrer\">\n\t\t\t\t\t\t\t<strong>Ver<\/strong>\n\t\t<\/a>\n\t\t\t\t<h4>\n\t\t\tConductores de Aluminio\t\t<\/h4>\n\t\t\t\t\t\t\t\t\t\t\t<img decoding=\"async\" src=\"https:\/\/4sproducts.com\/wp-content\/uploads\/2018\/05\/fiber-optic-cables.jpg\" alt=\"Production capacity 1,200,000 fiber-km\">\n\t\t\t\t\t<p>Capacidad de producci\u00f3n 1.200.000 fibra-km<\/p>\t\t\t\t\t\n\t\t\t<a href=\"https:\/\/4sproducts.com\/es\/cables-de-fibra-optica\/\" target=\"_self\" role=\"button\" rel=\"noopener noreferrer\">\n\t\t\t\t\t\t\t<strong>Ver<\/strong>\n\t\t<\/a>\n\t\t\t\t<h4>\n\t\t\tCables de Fibra \u00d3ptica\t\t<\/h4>\n\t\t\t\t\t\t\t\t\t\t\t<img decoding=\"async\" src=\"http:\/\/4sproducts.com\/wp-content\/uploads\/2020\/08\/galvanized-strand.jpg\" alt=\"galvanized-strand\">\n\t\t\t\t\t<p>26.000 toneladas de cable de acero<\/p>\t\t\t\t\t\n\t\t\t<a href=\"https:\/\/4sproducts.com\/es\/cable-galvanizado\/\" target=\"_self\" role=\"button\" rel=\"noopener noreferrer\">\n\t\t\t\t\t\t\t<strong>Ver<\/strong>\n\t\t<\/a>\n\t\t\t\t<h4>\n\t\t\tCables de Acero Galvanizado\t\t<\/h4>\n\t\t\t\t\t\t\t\t\t\t\t<img decoding=\"async\" src=\"https:\/\/4sproducts.com\/wp-content\/uploads\/2018\/05\/telecom-cable.jpg\" alt=\"Production capacity 10,000,000 conductor\/meter\">\n\t\t\t\t\t<p>Capacidad de producci\u00f3n 10.000.000 conductor\/metro<\/p>\t\t\t\t\t\n\t\t\t<a href=\"https:\/\/4sproducts.com\/es\/cables-de-cobre-para-telecomunicaciones\/\" target=\"_self\" role=\"button\" rel=\"noopener noreferrer\">\n\t\t\t\t\t\t\t<strong>Ver<\/strong>\n\t\t<\/a>\n\t\t\t\t<h4>\n\t\t\tCables de Telecom en Cobre\t\t<\/h4>\n\t<h3><a href=\"http:\/\/4sproducts.com\/energy-cables\/\">Cables de energ\u00eda<\/a><\/h3>\n<p>Los cables de energ\u00eda L-VOLT\u00ae, M-VOLT\u00ae y H-VOLT\u00ae de 4SProducts se utilizan en redes de cables de alimentaci\u00f3n y para la construcci\u00f3n de instalaciones el\u00e9ctricas en todo el mundo. Proveemos la soluci\u00f3n de infraestructura que brinda un suministro de energ\u00eda ininterrumpido a las estructuras de torres modernas con capacidad conductiva, confiabilidad y durabilidad.<\/p>\n<p>Dentro de las instalaciones de producci\u00f3n de cables de energ\u00eda, fabricamos todo tipo de cables de energ\u00eda con conductores de cobre y aluminio. Las varillas de cobre y aluminio, provenientes de la unidad de producci\u00f3n de varillas, se someten a los procesos de trefilado para los tama\u00f1os de conductor requeridos. A partir de ah\u00ed, el proceso de aislamiento, trenzado, protecci\u00f3n y revestimiento se realiza cumpliendo con los requisitos m\u00e1s estrictos del cliente.<\/p>\n<h3>Conductores de aluminio<\/h3>\n<p>Los conductores de aluminio de 4SProducts son ampliamente utilizados en las redes de cables de alimentaci\u00f3n como cables de distribuci\u00f3n primarios y secundarios, que transportan electricidad desde las centrales hasta el punto de utilizaci\u00f3n. 4SProducts fabrica conductores de aluminio para l\u00edneas a\u00e9reas de transmisi\u00f3n.<\/p>\n<h3>Cables de fibra \u00f3ptica<\/h3>\n<p>Fabricamos cables de fibra \u00f3ptica para redes de comunicaci\u00f3n locales y de larga distancia. Vienen en una variedad de configuraciones. Dependiendo de la aplicacio\u0301n de Fujikura en Jap\u00f3n son implementadas en cables enterrados directos, de ductos y a\u00e9reos;de acuerdo con la demanda del cliente y los est\u00e1ndares internacionales relevantes.<\/p>\n<h3>Cables de cobre para Telecomunicaciones<\/h3>\n<p>Los cables de telecomunicaciones con conductores de cobre de 4SProducts son utilizados a nivel mundial para las redes locales de comunicaciones, brindando as\u00ed una ilimitada modularidad de comunicaci\u00f3n y control debido a su capacidad de transmisi\u00f3n, su tecnolog\u00eda y desempe\u00f1o. <\/p>\n<h3>Cables de ca\u00edda<\/h3>\n<p>Los cables de ca\u00edda conectan los puntos de distribuci\u00f3n del suscriptor a los puntos de distribuci\u00f3n a\u00e9rea externos. Adem\u00e1s de nuestra l\u00ednea est\u00e1ndar cables de ca\u00edda, 4S tambi\u00e9n proporciona producciones \u00fanicas para configuraciones, tama\u00f1os, conductores y dise\u00f1os personalizados.<\/p>\n<h3>Cables de Cobre<\/h3>\n<p>Los cables de cobre se utilizan para conectar terminales de distribuci\u00f3n finales a las instalaciones del cliente. Se fabrican para cumplir con muchos est\u00e1ndares mundiales para aplicaciones de terminaci\u00f3n a\u00e9rea y enterrada.<\/p>\n\t<p>4S es un l\u00edder mundial en la industria de cables y alambres con m\u00e1s de 40 a\u00f1os de experiencia en la fabricaci\u00f3n de cables de energ\u00eda de baja, media y alta tensi\u00f3n, cables de fibra \u00f3ptica, conductores de aluminio y cables de cobre para telecomunicaciones.<\/p>\n\t<p><a href=\"http:\/\/souheil4s.wpengine.com\/catalogs\/\">Cat\u00e1logo de productos<\/a><\/p>\n<p><a href=\"http:\/\/souheil4s.wpengine.com\/careers\/\">carreras<\/a><\/p>\n<p><a href=\"http:\/\/souheil4s.wpengine.com\/contact\/\">cont\u00e1ctenos<\/a><\/p>\n\t<strong>Ventas y soporte t\u00e9cnico <\/strong><br \/>\n4621 Ponce de Leon Blvd.<br \/>\nCoral Gables, FL 33146 &#8211; USA\n+1 305.666.7474<br \/>\n+1 305.666.7272 (Fax)\n\tsales@4sproducts.com<br \/>\ntechnical@4sproducts.com<br \/>\nsupport@4sproducts.com\n","protected":false},"excerpt":{"rendered":"<p>Productos La excelencia no tiene l\u00edmites Nuestros productos y soluciones Nuestras soluciones din\u00e1micas de cable se originan en nuestro enfoque basado en la innovaci\u00f3n, en nuestro riguroso control de calidad y en nuestra amplia experiencia con los mercados en evoluci\u00f3n de telecomunicaciones y energ\u00eda. Nuestros productos dise\u00f1ados a medida se fabrican con materias primas de&hellip;<\/p>\n","protected":false},"author":1,"featured_media":0,"parent":0,"menu_order":0,"comment_status":"closed","ping_status":"closed","template":"","meta":{"_acf_changed":false,"footnotes":""},"class_list":["post-2042","page","type-page","status-publish","hentry"],"acf":[],"_links":{"self":[{"href":"https:\/\/4sproducts.com\/es\/wp-json\/wp\/v2\/pages\/2042","targetHints":{"allow":["GET"]}}],"collection":[{"href":"https:\/\/4sproducts.com\/es\/wp-json\/wp\/v2\/pages"}],"about":[{"href":"https:\/\/4sproducts.com\/es\/wp-json\/wp\/v2\/types\/page"}],"author":[{"embeddable":true,"href":"https:\/\/4sproducts.com\/es\/wp-json\/wp\/v2\/users\/1"}],"replies":[{"embeddable":true,"href":"https:\/\/4sproducts.com\/es\/wp-json\/wp\/v2\/comments?post=2042"}],"version-history":[{"count":0,"href":"https:\/\/4sproducts.com\/es\/wp-json\/wp\/v2\/pages\/2042\/revisions"}],"wp:attachment":[{"href":"https:\/\/4sproducts.com\/es\/wp-json\/wp\/v2\/media?parent=2042"}],"curies":[{"name":"wp","href":"https:\/\/api.w.org\/{rel}","templated":true}]}}