{"id":2068,"date":"2019-10-07T21:18:55","date_gmt":"2019-10-08T01:18:55","guid":{"rendered":"https:\/\/4sproducts.com\/catalogos\/"},"modified":"2023-09-14T20:42:50","modified_gmt":"2023-09-15T00:42:50","slug":"catalogos","status":"publish","type":"page","link":"https:\/\/4sproducts.com\/es\/catalogos\/","title":{"rendered":"Catalogs"},"content":{"rendered":"\n<h1>\n\t\tCat\u00e1logos\n\t<\/h1>\n\t\t\t<h4>CABLES DE ENERG\u00cdA<\/h4>\n\t\t\t<p>L\u00ednea completa<br \/>Catalogar<br \/><br \/><\/p>\n\t\t\t\t\t\t<a href=\"\/wp-content\/uploads\/flipbook\/2\/mobile\/index.html\" target=\"_blank\" rel=\"noopener\">\n\t\t\t\t<strong>VER<\/strong>\t\t\t<\/a>\n\t\t\t<h4>HILO GALVANIZADO<\/h4>\n\t\t\t<p>L\u00ednea completa<br \/>Catalogar<br \/><br \/><\/p>\n\t\t\t\t\t\t<a href=\"https:\/\/flipbook-gss-english.s3.us-east-2.amazonaws.com\/index.html\" target=\"_blank\" rel=\"noopener\">\n\t\t\t\t<strong>VER<\/strong>\t\t\t<\/a>\n\t\t\t<h4>CABLES DE ENERG\u00cdA<\/h4>\n\t\t\t<p>L-VOLT<br \/>Cobre<br \/>PVC<\/p>\n\t\t\t\t\t\t<a href=\"\/wp-content\/uploads\/2018\/09\/Energy-Cable_L-Volt_copper-PVC.pdf\" target=\"_blank\" rel=\"noopener\">\n\t\t\t\t<strong>DOWNLOAD<\/strong>\t\t\t<\/a>\n\t\t\t<h4>CABLES DE ENERG\u00cdA<\/h4>\n\t\t\t<p>L-VOLT<br \/>Cobre<br \/>XLPE<\/p>\n\t\t\t\t\t\t<a href=\"\/wp-content\/uploads\/2018\/09\/Energy-Cable-L-Volt_copper-XLPE-1.pdf\" target=\"_blank\" rel=\"noopener\">\n\t\t\t\t<strong>DOWNLOAD<\/strong>\t\t\t<\/a>\n\t\t\t<h4>CABLES DE ENERG\u00cdA<\/h4>\n\t\t\t<p>L-VOLT<br \/>Aluminio<br \/>PVC<\/p>\n\t\t\t\t\t\t<a href=\"\/wp-content\/uploads\/2018\/09\/Energy-Cable-L-Volt_aluminum-PVC.pdf\" target=\"_blank\" rel=\"noopener\">\n\t\t\t\t<strong>DOWNLOAD<\/strong>\t\t\t<\/a>\n\t\t\t<h4>CABLES DE ENERG\u00cdA<\/h4>\n\t\t\t<p>M-VOLT<br \/>Conductor de aluminio<\/p>\n\t\t\t\t\t\t<a href=\"\/wp-content\/uploads\/2018\/09\/Energy-Cable-m-Volt_aluminum-conductor.pdf\" target=\"_blank\" rel=\"noopener\">\n\t\t\t\t<strong>DOWNLOAD<\/strong>\t\t\t<\/a>\n\t\t\t<h4>CABLES DE ENERG\u00cdA<\/h4>\n\t\t\t<p>M-VOLT<br \/>Conductor de cobre<\/p>\n\t\t\t\t\t\t<a href=\"\/wp-content\/uploads\/2018\/09\/Energy-Cable-m-Volt_copper-conductor.pdf\" target=\"_blank\" rel=\"noopener\">\n\t\t\t\t<strong>DOWNLOAD<\/strong>\t\t\t<\/a>\n\t\t\t<h4>CABLES DE ENERG\u00cdA<\/h4>\n\t\t\t<p>H-VOLT<br \/>Conductor de cobre<\/p>\n\t\t\t\t\t\t<a href=\"\/wp-content\/uploads\/2018\/09\/Energy-Cables-H-Volt-Copper-Conductor.pdf\" target=\"_blank\" rel=\"noopener\">\n\t\t\t\t<strong>DOWNLOAD<\/strong>\t\t\t<\/a>\n\t\t\t<h4>CONDUCTORES DE ALUMINIO<\/h4>\n\t\t\t<p>Wire-Rod<br \/><br \/><br \/><\/p>\n\t\t\t\t\t\t<a href=\"\/wp-content\/uploads\/2018\/09\/aluminum_wire-rod.pdf\" target=\"_blank\" rel=\"noopener\">\n\t\t\t\t<strong>DOWNLOAD<\/strong>\t\t\t<\/a>\n\t\t\t<h4>OPGW CABLES<\/h4>\n\t\t\t<br \/><br \/><br \/>\n\t\t\t\t\t\t<a href=\"\/wp-content\/uploads\/2018\/09\/OPGW-Cables.pdf\" target=\"_blank\" rel=\"noopener\">\n\t\t\t\t<strong>DOWNLOAD<\/strong>\t\t\t<\/a>\n\t\t\t<h4>CABLES \u00d3PTICOS<\/h4>\n\t\t\t<p>soltar<br \/>FTTH-FTTB<br \/><br \/><\/p>\n\t\t\t\t\t\t<a href=\"\/wp-content\/uploads\/2018\/09\/Optical_Drop-FTTH-FTTB.pdf\" target=\"_blank\" rel=\"noopener\">\n\t\t\t\t<strong>DOWNLOAD<\/strong>\t\t\t<\/a>\n\t\t\t<h4>CABLES \u00d3PTICOS<\/h4>\n\t\t\t<p>Aerial<br \/>ezKore<\/p>\n\t\t\t\t\t\t<a href=\"https:\/\/4sproducts.com\/binder-atmos-ezkore\/\" target=\"_blank\" rel=\"noopener\">\n\t\t\t\t<strong>DOWNLOAD<\/strong>\t\t\t<\/a>\n\t\t\t<h4>CABLES \u00d3PTICOS<\/h4>\n\t\t\tAerial<br \/>DriKore\n\t\t\t\t\t\t<a href=\"\/wp-content\/uploads\/2018\/09\/Optical-Aerial-DriKore.pdf\" target=\"_blank\" rel=\"noopener\">\n\t\t\t\t<strong>DOWNLOAD<\/strong>\t\t\t<\/a>\n\t\t\t<h4>CABLES \u00d3PTICOS<\/h4>\n\t\t\t<p>Aerial<br \/>GelKore<\/p>\n\t\t\t\t\t\t<a href=\"\/wp-content\/uploads\/2018\/09\/Optical-Aerial-GelKore.pdf\" target=\"_blank\" rel=\"noopener\">\n\t\t\t\t<strong>DOWNLOAD<\/strong>\t\t\t<\/a>\n\t\t\t<h4>CABLES \u00d3PTICOS<\/h4>\n\t\t\t<p>Enterrado<br \/>ezKore<\/p>\n\t\t\t\t\t\t<a href=\"https:\/\/4sproducts.com\/binder-terra-ezkore\/\" target=\"_blank\" rel=\"noopener\">\n\t\t\t\t<strong>DOWNLOAD<\/strong>\t\t\t<\/a>\n\t\t\t<h4>CABLES \u00d3PTICOS<\/h4>\n\t\t\t<p>Enterrado<br \/>DriKore<\/p>\n\t\t\t\t\t\t<a href=\"\/wp-content\/uploads\/2018\/09\/Optical-Burried-DriKore.pdf\" target=\"_blank\" rel=\"noopener\">\n\t\t\t\t<strong>DOWNLOAD<\/strong>\t\t\t<\/a>\n\t\t\t<h4>CABLES \u00d3PTICOS<\/h4>\n\t\t\t<p>Enterrado<br \/>GelKore<\/p>\n\t\t\t\t\t\t<a href=\"\/wp-content\/uploads\/2018\/09\/Optical-Burried-GelKore.pdf\" target=\"_blank\" rel=\"noopener\">\n\t\t\t\t<strong>DOWNLOAD<\/strong>\t\t\t<\/a>\n\t\t\t<h4>CABLES \u00d3PTICOS<\/h4>\n\t\t\t<p>Drop Wire FTTx<br \/><br \/><\/p>\n\t\t\t\t\t\t<a href=\"https:\/\/4sproducts.com\/01_binder_optical_fttx\/\" target=\"_blank\" rel=\"noopener\">\n\t\t\t\t<strong>DOWNLOAD<\/strong>   \t\t\t<\/a>\n\t\t\t<h4>ALAMBRES Y GOTAS DE COBRE<\/h4>\n\t\t\t<br \/>\n\t\t\t\t\t\t<a href=\"\/wp-content\/uploads\/2018\/09\/Copper-Wires-Drop.pdf\" target=\"_blank\" rel=\"noopener\">\n\t\t\t\t<strong>DOWNLOAD<\/strong>\t\t\t<\/a>\n\t\t\t<h4>CABLES DE COBRE DE TELECOMUNICACIONES<\/h4>\n\t\t\t<br \/><br \/>\n\t\t\t\t\t\t<a href=\"\/wp-content\/uploads\/2018\/09\/Telecom-Cables-.pdf\" target=\"_blank\" rel=\"noopener\">\n\t\t\t\t<strong>DOWNLOAD<\/strong>\t\t\t<\/a>\n\t<p>4S es un l\u00edder mundial en la industria de cables y alambres con m\u00e1s de 40 a\u00f1os de experiencia en la fabricaci\u00f3n de cables de energ\u00eda de baja, media y alta tensi\u00f3n, cables de fibra \u00f3ptica, conductores de aluminio y cables de cobre para telecomunicaciones.<\/p>\n\t<p><a href=\"http:\/\/souheil4s.wpengine.com\/catalogs\/\">Cat\u00e1logo de productos<\/a><\/p>\n<p><a href=\"http:\/\/souheil4s.wpengine.com\/careers\/\">carreras<\/a><\/p>\n<p><a href=\"http:\/\/souheil4s.wpengine.com\/contact\/\">cont\u00e1ctenos<\/a><\/p>\n\t<strong>Ventas y soporte t\u00e9cnico <\/strong><br \/>\n4621 Ponce de Leon Blvd.<br \/>\nCoral Gables, FL 33146 &#8211; USA\n+1 305.666.7474<br \/>\n+1 305.666.7272 (Fax)\n\tsales@4sproducts.com<br \/>\ntechnical@4sproducts.com<br \/>\nsupport@4sproducts.com\n\n","protected":false},"excerpt":{"rendered":"<p>Cat\u00e1logos CABLES DE ENERG\u00cdA L\u00ednea completaCatalogar VER HILO GALVANIZADO L\u00ednea completaCatalogar VER CABLES DE ENERG\u00cdA L-VOLTCobrePVC DOWNLOAD CABLES DE ENERG\u00cdA L-VOLTCobreXLPE DOWNLOAD CABLES DE ENERG\u00cdA L-VOLTAluminioPVC DOWNLOAD CABLES DE ENERG\u00cdA M-VOLTConductor de aluminio DOWNLOAD CABLES DE ENERG\u00cdA M-VOLTConductor de cobre DOWNLOAD CABLES DE ENERG\u00cdA H-VOLTConductor de cobre DOWNLOAD CONDUCTORES DE ALUMINIO Wire-Rod DOWNLOAD OPGW CABLES&hellip;<\/p>\n","protected":false},"author":1,"featured_media":0,"parent":0,"menu_order":0,"comment_status":"closed","ping_status":"closed","template":"","meta":{"_acf_changed":false,"footnotes":""},"class_list":["post-2068","page","type-page","status-publish","hentry"],"acf":[],"_links":{"self":[{"href":"https:\/\/4sproducts.com\/es\/wp-json\/wp\/v2\/pages\/2068","targetHints":{"allow":["GET"]}}],"collection":[{"href":"https:\/\/4sproducts.com\/es\/wp-json\/wp\/v2\/pages"}],"about":[{"href":"https:\/\/4sproducts.com\/es\/wp-json\/wp\/v2\/types\/page"}],"author":[{"embeddable":true,"href":"https:\/\/4sproducts.com\/es\/wp-json\/wp\/v2\/users\/1"}],"replies":[{"embeddable":true,"href":"https:\/\/4sproducts.com\/es\/wp-json\/wp\/v2\/comments?post=2068"}],"version-history":[{"count":0,"href":"https:\/\/4sproducts.com\/es\/wp-json\/wp\/v2\/pages\/2068\/revisions"}],"wp:attachment":[{"href":"https:\/\/4sproducts.com\/es\/wp-json\/wp\/v2\/media?parent=2068"}],"curies":[{"name":"wp","href":"https:\/\/api.w.org\/{rel}","templated":true}]}}