{"id":2205,"date":"2019-10-08T13:32:13","date_gmt":"2019-10-08T17:32:13","guid":{"rendered":"https:\/\/4sproducts.com\/pagina-de-inicio\/"},"modified":"2020-10-22T09:53:53","modified_gmt":"2020-10-22T13:53:53","slug":"pagina-de-inicio","status":"publish","type":"page","link":"https:\/\/4sproducts.com\/es\/","title":{"rendered":"Home"},"content":{"rendered":"\n\t<h1>M\u00c1S DE 40 A\u00d1OS FABRICANDO<\/h1>\n<h1>Cables el\u00e9ctricos y de telecomunicaciones de clase mundial<\/h1>\n\t\t\t<a href=\"http:\/\/souheil4s.wpengine.com\/products\/\" target=\"_self\" role=\"button\" rel=\"noopener noreferrer\">\n\t\t\t\t\t\t\t<strong>VEA NUESTROS CABLES<\/strong>\n\t\t\t\t\t<\/a>\n\t<h3>L\u00edder Global<\/h3>\n<p>4S fabrica cables el\u00e9ctricos y de telecomunicaciones para los mercados industriales, energ\u00e9ticos, de la construcci\u00f3n, especialidades y comunicaciones a nivel mundial.<\/p>\n\t<h3>40+ a\u00f1os de experiencia<\/h3>\n<p>4S se posiciona siempre un paso adelante en los mercados de las Telecomunicaciones y de Energ\u00eda, abasteciendo as\u00ed a nuestros clientes con un desempe\u00f1o y una calidad superior.<\/p>\n\t<h3>Portafolio Diverso<\/h3>\n<p>La calidad y la innovaci\u00f3n se integran en cada etapa de nuestros procesos, lo que resulta en un portafolio din\u00e1mico de productos que cumple con todas las necesidades de su negocio.<\/p>\n<h2>\n\t\tCONECTANDO PERSONAS Y SUMINISTRANDO ENERG\u00cdA A LAS CIUDADES\n\t<\/h2>\n\t<h1>Lo que ofrecemos<\/h1>\n\t\t\t\t\t\t\t\t\t\t\t\t<h2>CALIDAD<\/h2>\n\t\t\t\t\t\t<p>Enfoque centrado en la calidad desde el inicio, hasta la finalizaci\u00f3n del producto y un paso m\u00e1s all\u00e1.<\/p>\t\t\t\t\t\n\t\t\t<!-- END .front -->\n\t\t\t\t\t\t<p>Nuestros cables son sometidos a rigurosas pruebas de certificaci\u00f3n y controles de calidad antes de que le sean enviados. Laboratorios de renombre mundial prueban nuestros productos y ofrecemos <strong>un programa de garant\u00eda inigualable de 36 meses para nuestros cables de exteriores.<\/strong><\/p>\t\t\t\t\t\n\t\t\t<a href=\"http:\/\/souheil4s.wpengine.com\/warranty-logistics\/\" target=\"_self\" role=\"button\" rel=\"noopener noreferrer\">\n\t\t\t\t\t\t\t<strong>Read More<\/strong>\n\t\t<\/a>\n\t\t\t<!-- END .back -->\n\t\t <!-- ifb-flip-box -->\n\t <!-- flip-box -->\n\t\t\t\t\t\t\t\t\t\t\t\t<h2>FABRICACIO\u0301N<\/h2>\n\t\t\t\t\t\t<p>Una sola planta con instalaciones totalmente integradas, breves per\u00edodos de producci\u00f3n y un estricto control de calidad.<\/p>\t\t\t\t\t\n\t\t\t<!-- END .front -->\n\t\t\t\t\t\t<p>Todos los procedimientos de producci\u00f3n y control de calidad est\u00e1n certificados por las normas ISO 9001, ISO 14001, OHSAS 18001 y cumplen con est\u00e1ndares internacionales relevantes tales como VDE, GOST, IEC, BS, CENELEC, TIA\/EIA, ITU.<\/p>\t\t\t\t\t\n\t\t\t<a href=\"http:\/\/souheil4s.wpengine.com\/products\/\" target=\"_self\" role=\"button\" rel=\"noopener noreferrer\">\n\t\t\t\t\t\t\t<strong>Read More<\/strong>\n\t\t<\/a>\n\t\t\t<!-- END .back -->\n\t\t <!-- ifb-flip-box -->\n\t <!-- flip-box -->\n\t\t\t\t\t\t\t\t\t\t\t\t<h2>INNOVACIO\u0301N<\/h2>\n\t\t\t\t\t\t<p>Innovamos en todo momento, lo que resulta en soluciones de vanguardia para nuestros clientes, empleados y comunidades.<\/p>\n\t\t\t<!-- END .front -->\n\t\t\t\t\t\t<p>Fabricamos nuestros productos en instalaciones totalmente integradas, equipadas con las \u00faltimas tecnolog\u00edas, maquinaria y supervisadas por un personal comprometido y de amplia experiencia.<\/p>\n\t\t\t<a href=\"http:\/\/souheil4s.wpengine.com\/about-us\/\" target=\"_self\" role=\"button\" rel=\"noopener noreferrer\">\n\t\t\t\t\t\t\t<strong>Read More<\/strong>\n\t\t<\/a>\n\t\t\t<!-- END .back -->\n\t\t <!-- ifb-flip-box -->\n\t <!-- flip-box -->\n\t\t\t\t\t\t\t\t\t\t\t\t<h2>FINANCIAMIENTO<\/h2>\n\t\t\t\t\t\t<p>Ofrecemos opciones de financiamiento flexibles y atractivas para satisfacer todas sus necesidades. <\/p>\t\t\t\t\t\n\t\t\t<!-- END .front -->\n\t\t\t\t\t\t<p>Ofrecemos programas de financiamiento a corto, mediano y largo plazo. Cont\u00e1ctenos para obtener m\u00e1s informaci\u00f3n sobre nuestros programas de financiaci\u00f3n de un a\u00f1o.<\/p>\t\t\t\t\t\n\t\t\t<a href=\"http:\/\/souheil4s.wpengine.com\/contact\/\" target=\"_self\" role=\"button\" rel=\"noopener noreferrer\">\n\t\t\t\t\t\t\t<strong>Read More<\/strong>\n\t\t<\/a>\n\t\t\t<!-- END .back -->\n\t\t <!-- ifb-flip-box -->\n\t <!-- flip-box -->\n<h2>\n\t\tUN L\u00cdDER MUNDIAL QUE OFRECE UN SERVICIO LOCAL EXCEPCIONAL\n\t<\/h2>\n\t<h1>La excelencia no tiene l\u00edmites.<\/h1>\n\t<iframe loading=\"lazy\" src=\"https:\/\/player.vimeo.com\/video\/276043486\" width=\"640\" height=\"360\" allowfullscreen><\/iframe>\n\t\t\t\t\t\t\t\t\t\t<img decoding=\"async\" src=\"http:\/\/souheil4s.wpengine.com\/wp-content\/uploads\/2018\/05\/distribution-and-logistics.jpg\" alt=\"Distribui\u00e7\u00e3o e Log\u00edstica\" itemprop=\"image\"  \/>\n\t\t\t\t\t\t\t\t\t\t\t\t\t\t\t\t\t\t\t\t\t\t\t\tDistribui\u00e7\u00e3o e Log\u00edstica\n\t\t\t\t\t\t\t\t\t\t<img decoding=\"async\" src=\"http:\/\/souheil4s.wpengine.com\/wp-content\/uploads\/2018\/05\/4s-aerial-view.jpg\" alt=\"Uma \u00fanica f\u00e1brica com infraestrutura totalmente integrada.\" itemprop=\"image\"  \/>\n\t\t\t\t\t\t\t\t\t\t\t\t\t\t\t\t\t\t\t\t\t\t\t\tUma \u00fanica f\u00e1brica com infraestrutura totalmente integrada.\n\t\t\t\t\t\t\t\t\t\t<img decoding=\"async\" src=\"http:\/\/souheil4s.wpengine.com\/wp-content\/uploads\/2018\/05\/aluminum-strand-production-unit.jpg\" alt=\"Unidades de Produ\u00e7\u00e3o de Cabos de Energia: Unidade de Produ\u00e7\u00e3o de Fios de Alum\u00ednio \" itemprop=\"image\"  \/>\n\t\t\t\t\t\t\t\t\t\t\t\t\t\t\t\t\t\t\t\t\t\t\t\tUnidades de Produ\u00e7\u00e3o de Cabos de Energia: Unidade de Produ\u00e7\u00e3o de Fios de Alum\u00ednio \n\t\t\t\t\t\t\t\t\t\t<img decoding=\"async\" src=\"http:\/\/souheil4s.wpengine.com\/wp-content\/uploads\/2018\/05\/copper-cable-unit.jpg\" alt=\"Unidades de Produ\u00e7\u00e3o de Cabos de Cobre para Telecomunica\u00e7\u00f5es \" itemprop=\"image\"  \/>\n\t\t\t\t\t\t\t\t\t\t\t\t\t\t\t\t\t\t\t\t\t\t\t\tUnidades de Produ\u00e7\u00e3o de Cabos de Cobre para Telecomunica\u00e7\u00f5es \n\t\t\t\t\t\t\t\t\t\t<img decoding=\"async\" src=\"http:\/\/souheil4s.wpengine.com\/wp-content\/uploads\/2018\/05\/aluminum-production-unit.jpg\" alt=\"Unidade de Produ\u00e7\u00e3o de Cabos de Alum\u00ednio pronta para desenvolvimento\" itemprop=\"image\"  \/>\n\t\t\t\t\t\t\t\t\t\t\t\t\t\t\t\t\t\t\t\t\t\t\t\tUnidade de Produ\u00e7\u00e3o de Cabos de Alum\u00ednio pronta para desenvolvimento\n\t\t\t\t\t\t\t\t\t\t<img decoding=\"async\" src=\"http:\/\/souheil4s.wpengine.com\/wp-content\/uploads\/2018\/05\/fiber-optic-cable-production-unit.jpg\" alt=\"Unidade de Produ\u00e7\u00e3o de Cabo de Fibra \u00d3ptica\" itemprop=\"image\"  \/>\n\t\t\t\t\t\t\t\t\t\t\t\t\t\t\t\t\t\t\t\t\t\t\t\tUnidade de Produ\u00e7\u00e3o de Cabo de Fibra \u00d3ptica\n\t\t\t\t\t\t\t\t\t\t<img decoding=\"async\" src=\"http:\/\/souheil4s.wpengine.com\/wp-content\/uploads\/2018\/05\/copper-electrolysis-plant.jpg\" alt=\"Unidade de Produ\u00e7\u00e3o de Cabos de Cobre para Telecomunica\u00e7\u00f5es: Planta de Eletr\u00f3lise de Cobre\" itemprop=\"image\"  \/>\n\t\t\t\t\t\t\t\t\t\t\t\t\t\t\t\t\t\t\t\t\t\t\t\tUnidade de Produ\u00e7\u00e3o de Cabos de Cobre para Telecomunica\u00e7\u00f5es: Planta de Eletr\u00f3lise de Cobre\n\t\t\t\t\t\t\t\t\t\t<img decoding=\"async\" src=\"http:\/\/souheil4s.wpengine.com\/wp-content\/uploads\/2018\/05\/cables-ready-for-deployment.jpg\" alt=\"Cabos prontos para implanta\u00e7\u00e3o\" itemprop=\"image\"  \/>\n\t\t\t\t\t\t\t\t\t\t\t\t\t\t\t\t\t\t\t\t\t\t\t\tCabos prontos para implanta\u00e7\u00e3o\n\t\t110,000\n\t\t\t\t\t\u00c1REA CUBIERTA POR METRO CUADRADO\n\t\t392,086\n\t\t\t\t\t\u00c1REA DEL LUGAR POR METRO CUADRADO\n\t\t1,200\n\t\t\t\t\tPERSONAL EXPERIMENTADO\n\t\t120\n\t\t\t\t\t+ Pa\u00edses\n\t<h1>Nuestros productos<\/h1>\n\t<p>La excelencia no tiene l\u00edmites. Todos nuestros productos se fabrican utilizando las \u00faltimas tecnolog\u00edas y materias primas l\u00edderes en concordancia con los est\u00e1ndares internacionales y los requisitos del cliente.<\/p>\n\t\t\t\t\t\t\t\t\t\t\t<img decoding=\"async\" src=\"https:\/\/4sproducts.com\/wp-content\/uploads\/2018\/05\/energy-cables.jpg\" alt=\"Production capacity 100,000 tons\">\n\t\t\t\t\t<p>Capacidad de producci\u00f3n 100.000 toneladas<\/p>\t\t\t\t\t\n\t\t\t<a href=\"https:\/\/4sproducts.com\/es\/cables-de-energia\/\" target=\"_self\" role=\"button\" rel=\"noopener noreferrer\">\n\t\t\t\t\t\t\t<strong>Ver<\/strong>\n\t\t<\/a>\n\t\t\t\t<h4>\n\t\t\tCABLES DE ENERG\u00cdA<br>CABLES\t\t<\/h4>\n\t\t\t\t\t\t\t\t\t\t\t<img decoding=\"async\" src=\"https:\/\/4sproducts.com\/wp-content\/uploads\/2018\/05\/aluminum-conductors.jpg\" alt=\"Production capacity 50,000 tons\">\n\t\t\t\t\t<p>Capacidad de producci\u00f3n 50.000 toneladas<\/p>\t\t\t\t\t\n\t\t\t<a href=\"https:\/\/4sproducts.com\/es\/conductores-de-aluminio\/\" target=\"_self\" role=\"button\" rel=\"noopener noreferrer\">\n\t\t\t\t\t\t\t<strong>Ver<\/strong>\n\t\t<\/a>\n\t\t\t\t<h4>\n\t\t\tCONDUCTORES DE ALUMINIO\t\t<\/h4>\n\t\t\t\t\t\t\t\t\t\t\t<img decoding=\"async\" src=\"https:\/\/4sproducts.com\/wp-content\/uploads\/2018\/05\/fiber-optic-cables.jpg\" alt=\"Production capacity 1,200,000 fiber-km\">\n\t\t\t\t\t<p>Capacidad de producci\u00f3n 1.200.000 fibra-km<\/p>\t\t\t\t\t\n\t\t\t<a href=\"https:\/\/4sproducts.com\/es\/cables-de-fibra-optica\/\" target=\"_self\" role=\"button\" rel=\"noopener noreferrer\">\n\t\t\t\t\t\t\t<strong>Ver<\/strong>\n\t\t<\/a>\n\t\t\t\t<h4>\n\t\t\tCABLES DE FIBRA O\u0301PTICA<br>\t\t<\/h4>\n\t\t\t\t\t\t\t\t\t\t\t<img decoding=\"async\" src=\"https:\/\/4sproducts.com\/wp-content\/uploads\/2020\/08\/galvanized-strand.jpg\" alt=\"galvanized-strand\">\n\t\t\t\t\t<p>26.000 toneladas de cable de acero<\/p>\t\t\t\t\t\n\t\t\t<a href=\"https:\/\/4sproducts.com\/es\/cable-galvanizado\/\" target=\"_self\" role=\"button\" rel=\"noopener noreferrer\">\n\t\t\t\t\t\t\t<strong>Ver<\/strong>\n\t\t<\/a>\n\t\t\t\t<h4>\n\t\t\tCABLES DE ACERO GALVANIZADO\t\t<\/h4>\n\t\t\t\t\t\t\t\t\t\t\t<img decoding=\"async\" src=\"https:\/\/4sproducts.com\/wp-content\/uploads\/2018\/05\/telecom-cable.jpg\" alt=\"Production capacity 10,000,000 conductor\/meter\">\n\t\t\t\t\t<p>Capacidad de producci\u00f3n 10.000.000 conductor\/metro<\/p>\t\t\t\t\t\n\t\t\t<a href=\"https:\/\/4sproducts.com\/es\/cables-de-cobre-para-telecomunicaciones\/\" target=\"_self\" role=\"button\" rel=\"noopener noreferrer\">\n\t\t\t\t\t\t\t<strong>Ver<\/strong>\n\t\t<\/a>\n\t\t\t\t<h4>\n\t\t\tCABLES DE TELECOM EN COBRE\t\t<\/h4>\n<h2>\n\t\tLA ENTREGA A TIEMPO ES PRIMORDIAL EN NUESTRO SERVICIO\n\t<\/h2>\n\t<h1>industrias a las que servimos<\/h1>\n\t\t\t\tCompa\u00f1\u00edas telef\u00f3nicas<br \/>\nCompa\u00f1\u00edas el\u00e9ctricas<br \/>\nOperadores de televisi\u00f3n por cable<br \/>\nProveedores de servicios de Internet<br \/>\nProveedores de servicios inal\u00e1mbricos<br \/>\nContratistas e integradores de sistemas\n\t\t\t\tFabricante de equipos originales (OEMs)<br \/>\nIndustria Petroqu\u00edmica (Oil &amp; GAS)<br \/>\nMineri\u0301a<br \/>\nInfraestructura<br \/>\nCiudades y pueblos<br \/>\nDistribuidores y revendedores<br \/>\nProyectos de Energ\u00edas Renovables y<br \/>\nFirmas de Ingenieri\u0301a y Construcci\u00f3n (EPC\u2019s)\n\t<style>.fl-node-5aeb89801967f > .fl-row-content-wrap::after {\n    background-color: transparent !important;\n    background: -webkit-linear-gradient( -135deg, rgba(225, 255, 255, 0) 0%, rgba(225, 255, 255, 0) 54.96%, rgba(255, 255, 255, 1) 55%, rgba(255, 255, 255, 1) 55%);\n    background: -moz-linear-gradient( -135deg, rgba(225, 255, 255, 0) 0%, rgba(225, 255, 255, 0) 54.96%, rgba(255, 255, 255, 1) 55%, rgba(255, 255, 255, 1) 55%);\n    background: -ms-linear-gradient( -135deg, rgba(225, 255, 255, 0) 0%, rgba(225, 255, 255, 0) 54.96%, rgba(255, 255, 255, 1) 55%, rgba(255, 255, 255, 1) 55%);\n    background: linear-gradient( -65deg, rgba(225, 255, 255, 0) 0%, rgba(225, 255, 255, 0) 54.96%, rgba(255, 255, 255, 1) 55%, rgba(255, 255, 255, 1) 55%);}\n<\/style>\n\t<h1>certificaciones<\/h1>\n\t\t\t\t<img decoding=\"async\" src=\"http:\/\/4sproducts.com\/wp-content\/uploads\/2018\/10\/csa.png\" alt=\"csa\" itemprop=\"image\" title=\"csa\"  \/>\n\t\t\t\t<img decoding=\"async\" src=\"http:\/\/4sproducts.com\/wp-content\/uploads\/2018\/10\/etl.png\" alt=\"etl\" itemprop=\"image\" title=\"etl\"  \/>\n\t\t\t\t<img decoding=\"async\" src=\"http:\/\/4sproducts.com\/wp-content\/uploads\/2018\/10\/icea.png\" alt=\"icea\" itemprop=\"image\" title=\"icea\"  \/>\n\t\t\t\t<img decoding=\"async\" src=\"http:\/\/4sproducts.com\/wp-content\/uploads\/2018\/10\/itu.png\" alt=\"itu\" itemprop=\"image\" title=\"itu\"  \/>\n\t\t\t\t<img decoding=\"async\" src=\"http:\/\/4sproducts.com\/wp-content\/uploads\/2018\/10\/dve.png\" alt=\"dve\" itemprop=\"image\" title=\"dve\"  \/>\n\t\t\t\t<img decoding=\"async\" src=\"http:\/\/4sproducts.com\/wp-content\/uploads\/2018\/10\/pct.png\" alt=\"pct\" itemprop=\"image\" title=\"pct\"  \/>\n\t\t\t\t<img decoding=\"async\" src=\"http:\/\/4sproducts.com\/wp-content\/uploads\/2018\/10\/scte.png\" alt=\"scte\" itemprop=\"image\" title=\"scte\"  \/>\n\t\t\t\t<img decoding=\"async\" src=\"http:\/\/4sproducts.com\/wp-content\/uploads\/2018\/10\/astm.png\" alt=\"astm\" itemprop=\"image\" title=\"astm\"  \/>\n\t\t\t\t<img decoding=\"async\" src=\"http:\/\/4sproducts.com\/wp-content\/uploads\/2018\/10\/ce.png\" alt=\"ce\" itemprop=\"image\" title=\"ce\"  \/>\n\t\t\t\t<img decoding=\"async\" src=\"http:\/\/4sproducts.com\/wp-content\/uploads\/2018\/10\/ul.png\" alt=\"ul\" itemprop=\"image\" title=\"ul\"  \/>\n\t\t\t\t<img decoding=\"async\" src=\"http:\/\/4sproducts.com\/wp-content\/uploads\/2018\/10\/telecordia.png\" alt=\"telecordia\" itemprop=\"image\" title=\"telecordia\"  \/>\n\t\t\t\t<img decoding=\"async\" src=\"http:\/\/4sproducts.com\/wp-content\/uploads\/2018\/10\/eia.png\" alt=\"eia\" itemprop=\"image\" title=\"eia\"  \/>\n\t\t\t\t<img decoding=\"async\" src=\"http:\/\/4sproducts.com\/wp-content\/uploads\/2018\/10\/ansi.png\" alt=\"ansi\" itemprop=\"image\" title=\"ansi\"  \/>\n\t\t\t\t<img decoding=\"async\" src=\"http:\/\/4sproducts.com\/wp-content\/uploads\/2018\/10\/scteisbe.png\" alt=\"scteisbe\" itemprop=\"image\" title=\"scteisbe\"  \/>\n\t\t\t\t<img decoding=\"async\" src=\"http:\/\/4sproducts.com\/wp-content\/uploads\/2018\/10\/iec.png\" alt=\"iec\" itemprop=\"image\" title=\"iec\"  \/>\n\t\t\t\t<img decoding=\"async\" src=\"http:\/\/4sproducts.com\/wp-content\/uploads\/2018\/10\/tuv.png\" alt=\"tuv\" itemprop=\"image\" title=\"tuv\"  \/>\n\t\t\t\t<img decoding=\"async\" src=\"http:\/\/4sproducts.com\/wp-content\/uploads\/2018\/10\/rohs.png\" alt=\"rohs\" itemprop=\"image\" title=\"rohs\"  \/>\n\t\t\t\t<img decoding=\"async\" src=\"http:\/\/4sproducts.com\/wp-content\/uploads\/2018\/10\/tia.png\" alt=\"tia\" itemprop=\"image\" title=\"tia\"  \/>\n\t\t\t\t<img decoding=\"async\" src=\"http:\/\/4sproducts.com\/wp-content\/uploads\/2018\/10\/ieee.png\" alt=\"ieee\" itemprop=\"image\" title=\"ieee\"  \/>\n\t\t\t\t<img decoding=\"async\" src=\"http:\/\/4sproducts.com\/wp-content\/uploads\/2018\/10\/insulated.png\" alt=\"insulated\" itemprop=\"image\" title=\"insulated\"  \/>\n\t<h1>mantenerse en contacto<\/h1>\n\t<p>Nuestro equipo de servicio al cliente est\u00e1 aqu\u00ed para ayudarlo, en cualquier momento &#8230; en cualquier lugar.<\/p>\n\t<h3>4SProducts<\/h3>\n<p>Nos encantar\u00eda hablar con usted sobre los requisitos de su proyecto o charlar sobre lo que necesita y lo que podemos ofrecer como soluci\u00f3n. Por lo tanto, por favor llene el formulario o ll\u00e1menos.<\/p>\n4621 Ponce de Leon Blvd. Coral Gables, FL 33146<br \/>\nTel\u00e9fono: +1 305.666.7474<br \/>\nFax: +1 305.666.7272<br \/>\nEmail: support@4sproducts.com\n\t<p>4S es un l\u00edder mundial en la industria de cables y alambres con m\u00e1s de 40 a\u00f1os de experiencia en la fabricaci\u00f3n de cables de energ\u00eda de baja, media y alta tensi\u00f3n, cables de fibra \u00f3ptica, conductores de aluminio y cables de cobre para telecomunicaciones.<\/p>\n\t<p><a href=\"http:\/\/souheil4s.wpengine.com\/catalogs\/\">Cat\u00e1logo de productos<\/a><\/p>\n<p><a href=\"http:\/\/souheil4s.wpengine.com\/careers\/\">carreras<\/a><\/p>\n<p><a href=\"http:\/\/souheil4s.wpengine.com\/contact\/\">cont\u00e1ctenos<\/a><\/p>\n\t<strong>Ventas y soporte t\u00e9cnico <\/strong><br \/>\n4621 Ponce de Leon Blvd.<br \/>\nCoral Gables, FL 33146 &#8211; USA\n+1 305.666.7474<br \/>\n+1 305.666.7272 (Fax)\n\tsales@4sproducts.com<br \/>\ntechnical@4sproducts.com<br \/>\nsupport@4sproducts.com\n","protected":false},"excerpt":{"rendered":"<p>M\u00c1S DE 40 A\u00d1OS FABRICANDO Cables el\u00e9ctricos y de telecomunicaciones de clase mundial VEA NUESTROS CABLES L\u00edder Global 4S fabrica cables el\u00e9ctricos y de telecomunicaciones para los mercados industriales, energ\u00e9ticos, de la construcci\u00f3n, especialidades y comunicaciones a nivel mundial. 40+ a\u00f1os de experiencia 4S se posiciona siempre un paso adelante en los mercados de las&hellip;<\/p>\n","protected":false},"author":1,"featured_media":0,"parent":0,"menu_order":0,"comment_status":"closed","ping_status":"closed","template":"","meta":{"_acf_changed":false,"footnotes":""},"class_list":["post-2205","page","type-page","status-publish","hentry"],"acf":[],"_links":{"self":[{"href":"https:\/\/4sproducts.com\/es\/wp-json\/wp\/v2\/pages\/2205","targetHints":{"allow":["GET"]}}],"collection":[{"href":"https:\/\/4sproducts.com\/es\/wp-json\/wp\/v2\/pages"}],"about":[{"href":"https:\/\/4sproducts.com\/es\/wp-json\/wp\/v2\/types\/page"}],"author":[{"embeddable":true,"href":"https:\/\/4sproducts.com\/es\/wp-json\/wp\/v2\/users\/1"}],"replies":[{"embeddable":true,"href":"https:\/\/4sproducts.com\/es\/wp-json\/wp\/v2\/comments?post=2205"}],"version-history":[{"count":0,"href":"https:\/\/4sproducts.com\/es\/wp-json\/wp\/v2\/pages\/2205\/revisions"}],"wp:attachment":[{"href":"https:\/\/4sproducts.com\/es\/wp-json\/wp\/v2\/media?parent=2205"}],"curies":[{"name":"wp","href":"https:\/\/api.w.org\/{rel}","templated":true}]}}