{"id":2019,"date":"2019-10-04T16:19:50","date_gmt":"2019-10-04T20:19:50","guid":{"rendered":"https:\/\/4sproducts.com\/quem-somos\/"},"modified":"2020-06-10T17:11:22","modified_gmt":"2020-06-10T21:11:22","slug":"quem-somos","status":"publish","type":"page","link":"https:\/\/4sproducts.com\/pt-br\/quem-somos\/","title":{"rendered":"QUEM SOMOS"},"content":{"rendered":"\n\t<h1>QUEM SOMOS<\/h1>\n<h4>Qualidade e atendimento que excedem expectativas<\/h4>\n\t\t\t\t<img decoding=\"async\" src=\"http:\/\/souheil4s.wpengine.com\/wp-content\/uploads\/2018\/10\/mission.jpg\" alt=\"mission\" itemprop=\"image\"  \/>\n\t\t\t<h3>MELHORANDO VIDAS POR MEIO DA ENTREGA DE VALOR E CRESCIMENTO<\/h3>\n\t\t\t\t<p>Nossa miss\u00e3o \u00e9 ser uma empresa voltada ao mercado, com excelente custo-benef\u00edcio e uma fabricante inovadora de produtos da mais alta qualidade. Nosso objetivo \u00e9 oferecer solu\u00e7\u00f5es e servi\u00e7os de \u00faltima gera\u00e7\u00e3o, que contribuam para o sucesso e o crescimento de nossos clientes, colaboradores e comunidade.<\/p>\n\t\t\t\t<img decoding=\"async\" src=\"http:\/\/souheil4s.wpengine.com\/wp-content\/uploads\/2018\/05\/our-values.jpg\" alt=\"Our Values\" itemprop=\"image\"  \/>\n\t\t\t<h3>GERAR IMPACTO POSITIVO EM TUDO O QUE FAZEMOS<\/h3>\n\t\t\t\t<p>Gerar impactos positivos est\u00e1 na ess\u00eancia de nosso neg\u00f3cio. A 4S \u00e9 comprometida em transportar energia com efici\u00eancia e seguran\u00e7a a fim de atender as necessidades das futuras gera\u00e7\u00f5es. Entregando excel\u00eancia em tudo o que fazemos hoje, estabelecemos a conex\u00e3o para as economias do amanh\u00e3.<\/p>\n\t<h1>Trazendo progresso para as cidades em todo o mundo<\/h1>\n\t<h3>Com solu\u00e7\u00f5es inteligentes de cabos em que voc\u00ea pode confiar<\/h3>\n\t<p>O grande aumento da popula\u00e7\u00e3o, aliado a um crescimento sem paralelo das cidades em todo o mundo requer solu\u00e7\u00f5es mais inteligentes e inovadoras em Energia.<\/p>\n<p>Na 4S, o futuro \u00e9 agora. Vemos a expans\u00e3o do desenvolvimento e das popula\u00e7\u00f5es como oportunidades para conectar pessoas ao futuro. Oferecemos solu\u00e7\u00f5es eficientes, seguras e inteligentes, que transportam energia para as cidades em mais de 120 pa\u00edses. Controle de qualidade est\u00e1 na ess\u00eancia de nosso trabalho, a cada dia. Para garantir excelente performance durante toda a vida \u00fatil de nossos produtos, produzimos e controlamos as mat\u00e9rias-primas utilizadas em nossos cabos, como Cobre, Alum\u00ednio, Fios Galvanizados, PVC e a fabrica\u00e7\u00e3o de Bobinas.<\/p>\n\t<h1>Inovando hoje<\/h1>\n\t<h3>Para atender as necessidades do amanh\u00e3.<\/h3>\n\t<p>As redes globais de Telecomunica\u00e7\u00f5es, em r\u00e1pida evolu\u00e7\u00e3o, atendem a bilh\u00f5es de usu\u00e1rios em todo o mundo. \u00c0 medida que a Ind\u00fastria de Telecomunica\u00e7\u00f5es continua a crescer, tamb\u00e9m aumenta a necessidade de transportar dados com seguran\u00e7a e efici\u00eancia.<\/p>\n<p>Na 4S, entendemos as necessidades e nos antecipamos aos desafios do mercado de Telecomunica\u00e7\u00f5es, sempre em cont\u00ednua evolu\u00e7\u00e3o. Nossa produ\u00e7\u00e3o orientada \u00e0 inova\u00e7\u00e3o \u00e9 realizada em unidades de produ\u00e7\u00e3o totalmente integradas, equipadas com m\u00e1quinas de \u00faltima gera\u00e7\u00e3o, sob o comando de uma equipe comprometida, experiente e qualificada.<\/p>\n\t\t\t\t<img decoding=\"async\" src=\"http:\/\/souheil4s.wpengine.com\/wp-content\/uploads\/2018\/05\/improving-cities-worldwide-las-vegas.jpg\" alt=\"Improving Cities Worldwide - Las Vegas\" itemprop=\"image\" title=\"Improving Cities Worldwide - Las Vegas\"  \/>\n\t\t\t\t<img decoding=\"async\" src=\"http:\/\/4sproducts.com\/wp-content\/uploads\/2018\/11\/Eolic-Energy-Wind-Mountain-About.001.jpeg\" alt=\"Eolic Energy Wind Mountain About.001\" itemprop=\"image\" title=\"Eolic Energy Wind Mountain About.001\"  \/>\n\t\t\t\t<img decoding=\"async\" src=\"http:\/\/4sproducts.com\/wp-content\/uploads\/2018\/11\/High-Voltage-Power-Lines-ABOUT-.001.jpeg\" alt=\"High Voltage Power Lines ABOUT .001\" itemprop=\"image\" title=\"High Voltage Power Lines ABOUT .001\"  \/>\n\t\t\t\t<img decoding=\"async\" src=\"http:\/\/souheil4s.wpengine.com\/wp-content\/uploads\/2018\/10\/global-presence-1.jpg\" alt=\"Global Presence\" itemprop=\"image\" title=\"Global Presence\"  \/>\n\t<h3>Presen\u00e7a global, atendimento local<\/h3>\n\t<p>Nossas solu\u00e7\u00f5es em cabos chegam a mais de 120 pa\u00edses em todo o planeta e, ainda assim, garantem que cada cliente receba atendimento e aten\u00e7\u00e3o excepcionais e sob medida. Nossa competitividade, a tecnologia avan\u00e7ada, um portf\u00f3lio din\u00e2mico de produtos, aliados \u00e0 nossa abordagem centrada no cliente garante a produ\u00e7\u00e3o de cabos da mais alta qualidade, estabelecendo 4SProducts como uma marca confi\u00e1vel e de excelente reputa\u00e7\u00e3o\u2026 em todo o mundo.<\/p>\n\t<h3>Rigorosos testes de controle de qualidade conduzidos por laborat\u00f3rios de renome mundial.<\/h3>\n\t<p>Nossa longa presen\u00e7a no mercado nos mostra que o sucesso de nossos neg\u00f3cios e o crescimento de nossos clientes dependem da qualidade de nossos produtos e servi\u00e7os.<\/p>\n<p>Nossos produtos passam por uma s\u00e9rie de rigorosos testes de controle de qualidade em todas as etapas da produ\u00e7\u00e3o &#8211; desde mat\u00e9rias-primas de alta qualidade at\u00e9 o teste final, atendendo a todas as necessidades dos clientes e \u00e0s normas industriais. Nossos clientes contam um garantia de 36 meses.<\/p>\n<p>Mais de 40 anos entregando inova\u00e7\u00e3o, qualidade e valor.<\/p>\n\t\t\t\t<img decoding=\"async\" src=\"http:\/\/souheil4s.wpengine.com\/wp-content\/uploads\/2018\/05\/we-guarantee.jpg\" alt=\"Image Gallery\" itemprop=\"image\" title=\"We Guarantee\"  \/>\n\t<h1>Linha de Tempo &#8211; Nossa hist\u00f3ria<\/h1>\n\t<p>Mais de 40 anos oferecendo inova\u00e7\u00e3o, qualidade e valor.<\/p>\n\t\t\t\t\t\t\t<img loading=\"lazy\" decoding=\"async\" title=\"1974\" src=\"\/wp-content\/uploads\/2018\/07\/1974.png\" alt=\"1974\" width=\"160\" height=\"160\" \/><h5>1974<\/h5><p>Funda\u00e7\u00e3o das unidades de produ\u00e7\u00e3o na Turquia.<\/p>\t\t\t\t\t\t\t\t\t\t\t\t\t\n\t\t\t\t\t\t\t<img loading=\"lazy\" decoding=\"async\" title=\"1977\" src=\"\/wp-content\/uploads\/2018\/07\/1977.png\" alt=\"1977\" width=\"160\" height=\"160\" \/><h5>1977<\/h5><p>In\u00edcio da produ\u00e7\u00e3o de Cabos de Baixa Voltagem.<\/p>\t\t\t\t\t\t\t\t\t\t\t\t\t\n\t\t\t\t\t\t\t<img loading=\"lazy\" decoding=\"async\" title=\"1979\" src=\"\/wp-content\/uploads\/2018\/07\/1979.png\" alt=\"1979\" width=\"160\" height=\"160\" \/><h5>1979<\/h5><p>In\u00edcio da produ\u00e7\u00e3o de Granulado de PVC.<\/p>\t\t\t\t\t\t\t\t\t\t\t\t\t\n\t\t\t\t\t\t\t<img loading=\"lazy\" decoding=\"async\" title=\"1974\" src=\"\/wp-content\/uploads\/2018\/07\/1983.png\" alt=\"1974\" width=\"160\" height=\"160\" \/><h5>1983<\/h5><p>In\u00edcio da produ\u00e7\u00e3o de Hastes de Cobre.\u00a0<\/p>\t\t\t\t\t\t\t\t\t\t\t\t\t\n\t\t\t\t\t\t\t<img loading=\"lazy\" decoding=\"async\" title=\"1986\" src=\"\/wp-content\/uploads\/2018\/07\/1986.png\" alt=\"1986\" width=\"160\" height=\"160\" \/><h5>1986<\/h5><p>In\u00edcio da produ\u00e7\u00e3o de Cabos Telef\u00f4nicos.<\/p>\t\t\t\t\t\t\t\t\t\t\t\t\t\n\t\t\t\t\t\t\t<img loading=\"lazy\" decoding=\"async\" title=\"1990\" src=\"\/wp-content\/uploads\/2018\/07\/1990.png\" alt=\"1990\" width=\"160\" height=\"160\" \/><h5>1990<\/h5><p>In\u00edcio da produ\u00e7\u00e3o de Cabos MV.<\/p>\t\t\t\t\t\t\t\t\t\t\t\t\t\n\t\t\t\t\t\t\t<img loading=\"lazy\" decoding=\"async\" title=\"1994\" src=\"\/wp-content\/uploads\/2018\/07\/1994.png\" alt=\"1994\" width=\"160\" height=\"160\" \/><h5>1994<\/h5><p>Conclu\u00edda a Certifica\u00e7\u00e3o ISO 14001.<\/p>\t\t\t\t\t\t\t\t\t\t\t\t\t\n\t\t\t\t\t\t\t<img loading=\"lazy\" decoding=\"async\" title=\"2000\" src=\"\/wp-content\/uploads\/2018\/07\/2000.png\" alt=\"2000\" width=\"160\" height=\"160\" \/><h5>2000<\/h5><p>In\u00edcio da produ\u00e7\u00e3o de Fibras \u00d3pticas e Cabos de Dados.<\/p>\t\t\t\t\t\t\t\t\t\t\t\t\t\n\t\t\t\t\t\t\t<img loading=\"lazy\" decoding=\"async\" title=\"2001\" src=\"\/wp-content\/uploads\/2018\/07\/2001.png\" alt=\"2001\" width=\"160\" height=\"160\" \/><h5>2001<\/h5><p>Moderniza\u00e7\u00e3o das f\u00e1bricas de Granulado de PVC e Cobre.<\/p>\t\t\t\t\t\t\t\t\t\t\t\t\t\n\t\t\t\t\t\t\t<img loading=\"lazy\" decoding=\"async\" title=\"2003\" src=\"\/wp-content\/uploads\/2018\/07\/2003.png\" alt=\"2003\" width=\"160\" height=\"160\" \/><h5>2003<\/h5><p>Funda\u00e7\u00e3o da unidade de produ\u00e7\u00e3o de tambores e in\u00edcio da produ\u00e7\u00e3o de cabos de alum\u00ednio.<\/p>\t\t\t\t\t\t\t\t\t\t\t\t\t\n\t\t\t\t\t\t\t<img loading=\"lazy\" decoding=\"async\" title=\"2004\" src=\"\/wp-content\/uploads\/2018\/07\/2004.png\" alt=\"2004\" width=\"160\" height=\"160\" \/><h5>2004<\/h5><p>Moderniza\u00e7\u00e3o da f\u00e1brica de cabos de energia e conclu\u00edda a certifica\u00e7\u00e3o OHSAS 18001.<\/p>\t\t\t\t\t\t\t\t\t\t\t\t\t\n\t\t\t\t\t\t\t<img loading=\"lazy\" decoding=\"async\" title=\"2005\" src=\"\/wp-content\/uploads\/2018\/07\/2005.png\" alt=\"2005\" width=\"160\" height=\"160\" \/><h5>2005<\/h5><p>Funda\u00e7\u00e3o do Laborat\u00f3rio de Testes de Alta Voltagem.<\/p>\t\t\t\t\t\t\t\t\t\t\t\t\t\n\t\t\t\t\t\t\t<img loading=\"lazy\" decoding=\"async\" title=\"2006\" src=\"\/wp-content\/uploads\/2018\/07\/2006.png\" alt=\"2006\" width=\"160\" height=\"160\" \/><h5>2006<\/h5><p>In\u00edcio da produ\u00e7\u00e3o de Granulado de HFFR.<\/p>\t\t\t\t\t\t\t\t\t\t\t\t\t\n\t\t\t\t\t\t\t<img loading=\"lazy\" decoding=\"async\" title=\"2007\" src=\"\/wp-content\/uploads\/2018\/07\/2007.png\" alt=\"2007\" width=\"160\" height=\"160\" \/><h5>2007<\/h5><p>In\u00edcio da produ\u00e7\u00e3o de Cabos ASDL e CAT 7.<\/p>\t\t\t\t\t\t\t\t\t\t\t\t\t\n\t\t\t\t\t\t\t<img loading=\"lazy\" decoding=\"async\" title=\"2008\" src=\"\/wp-content\/uploads\/2018\/07\/2008.png\" alt=\"2008\" width=\"160\" height=\"160\" \/><h5>2008<\/h5><p>In\u00edcio da produ\u00e7\u00e3o de condutores de alum\u00ednio a\u00e9reos.<\/p>\t\t\t\t\t\t\t\t\t\t\t\t\t\n\t\t\t\t\t\t\t<img loading=\"lazy\" decoding=\"async\" title=\"2009\" src=\"\/wp-content\/uploads\/2018\/07\/2009.png\" alt=\"2009\" width=\"160\" height=\"160\" \/><h5>2009<\/h5><p>In\u00edcio da produ\u00e7\u00e3o de Hastes de Alum\u00ednio.<\/p>\t\t\t\t\t\t\t\t\t\t\t\t\t\n\t\t\t\t\t\t\t<img loading=\"lazy\" decoding=\"async\" title=\"2012\" src=\"\/wp-content\/uploads\/2018\/07\/2012.png\" alt=\"2012\" width=\"160\" height=\"160\" \/><h5>2012<\/h5><p>Funda\u00e7\u00e3o da nova f\u00e1brica de cabos HFFR e in\u00edcio da produ\u00e7\u00e3o de OPGW.<\/p>\t\t\t\t\t\t\t\t\t\t\t\t\t\n\t\t\t\t\t\t\t<img loading=\"lazy\" decoding=\"async\" title=\"2013\" src=\"\/wp-content\/uploads\/2018\/07\/2013.png\" alt=\"2013\" width=\"160\" height=\"160\" \/><h5>2013<\/h5><p>In\u00edcio da produ\u00e7\u00e3o de Bobinas de Fios de Alum\u00ednio.<\/p>\t\t\t\t\t\t\t\t\t\t\t\t\t\n\t\t\t\t\t\t\t<img loading=\"lazy\" decoding=\"async\" title=\"2014\" src=\"\/wp-content\/uploads\/2018\/07\/2014.png\" alt=\"2014\" width=\"160\" height=\"160\" \/><h5>2014<\/h5><p>In\u00edcio da produ\u00e7\u00e3o de cabos solares, conclu\u00edda a Certifica\u00e7\u00e3o TUV.\u00a0<\/p>\t\t\t\t\t\t\t\t\t\t\t\t\t\n\t<h1>Fale Conosco<\/h1>\n\t<p>Nossas equipes de atendimento ao cliente est\u00e3o prontas para ajud\u00e1-lo, a qualquer hora, em qualquer lugar.<\/p>\n\t<h3>4SProducts<\/h3>\n<p>Teremos o maior prazer em conversar sobre as necessidades de seu projeto ou sobre o que voc\u00ea precisa e qual solu\u00e7\u00e3o podemos oferecer. Para isso, preencha o formul\u00e1rio ou ligue para n\u00f3s.<\/p>\n4621 Ponce de Leon Blvd. Coral Gables, FL 33146<br \/>\nTelefone: +1 305.666.7474<br \/>\nFax: +1 305.666.7272<br \/>\nEmail: support@4sproducts.com\n\t<p>A 4S \u00e9 l\u00edder global na ind\u00fastria de fios e cabos com mais de 40 anos de experi\u00eancia na fabrica\u00e7\u00e3o de cabos de energia de baixa, m\u00e9dia e alta tens\u00e3o, cabos de fibra \u00f3tica, condutores de alum\u00ednio e cabos de cobre para o setor de telecomunica\u00e7\u00e3o.<\/p>\n\t<p><a href=\"http:\/\/souheil4s.wpengine.com\/catalogs\/\">Cat\u00e1logo de Produtos<\/a><\/p>\n<p><a href=\"http:\/\/souheil4s.wpengine.com\/careers\/\">Carreiras<\/a><\/p>\n<p><a href=\"http:\/\/souheil4s.wpengine.com\/contact\/\">Fale Conosco<\/a><\/p>\n\t<strong>Vendas &amp; Suporte T\u00e9cnico <\/strong><br \/>\n4621 Ponce de Leon Blvd.<br \/>\nCoral Gables, FL 33146 &#8211; USA\n+1 305.666.7474<br \/>\n+1 305.666.7272 (Fax)\n\tsales@4sproducts.com<br \/>\ntechnical@4sproducts.com<br \/>\nsupport@4sproducts.com\n","protected":false},"excerpt":{"rendered":"<p>QUEM SOMOS Qualidade e atendimento que excedem expectativas MELHORANDO VIDAS POR MEIO DA ENTREGA DE VALOR E CRESCIMENTO Nossa miss\u00e3o \u00e9 ser uma empresa voltada ao mercado, com excelente custo-benef\u00edcio e uma fabricante inovadora de produtos da mais alta qualidade. Nosso objetivo \u00e9 oferecer solu\u00e7\u00f5es e servi\u00e7os de \u00faltima gera\u00e7\u00e3o, que contribuam para o sucesso&hellip;<\/p>\n","protected":false},"author":1,"featured_media":0,"parent":0,"menu_order":0,"comment_status":"closed","ping_status":"closed","template":"","meta":{"_acf_changed":false,"footnotes":""},"class_list":["post-2019","page","type-page","status-publish","hentry"],"acf":[],"_links":{"self":[{"href":"https:\/\/4sproducts.com\/pt-br\/wp-json\/wp\/v2\/pages\/2019","targetHints":{"allow":["GET"]}}],"collection":[{"href":"https:\/\/4sproducts.com\/pt-br\/wp-json\/wp\/v2\/pages"}],"about":[{"href":"https:\/\/4sproducts.com\/pt-br\/wp-json\/wp\/v2\/types\/page"}],"author":[{"embeddable":true,"href":"https:\/\/4sproducts.com\/pt-br\/wp-json\/wp\/v2\/users\/1"}],"replies":[{"embeddable":true,"href":"https:\/\/4sproducts.com\/pt-br\/wp-json\/wp\/v2\/comments?post=2019"}],"version-history":[{"count":0,"href":"https:\/\/4sproducts.com\/pt-br\/wp-json\/wp\/v2\/pages\/2019\/revisions"}],"wp:attachment":[{"href":"https:\/\/4sproducts.com\/pt-br\/wp-json\/wp\/v2\/media?parent=2019"}],"curies":[{"name":"wp","href":"https:\/\/api.w.org\/{rel}","templated":true}]}}