{"id":2064,"date":"2019-10-07T21:02:10","date_gmt":"2019-10-08T01:02:10","guid":{"rendered":"https:\/\/4sproducts.com\/cabos-de-fibra-optica\/"},"modified":"2020-06-08T16:19:22","modified_gmt":"2020-06-08T20:19:22","slug":"cabos-de-fibra-optica","status":"publish","type":"page","link":"https:\/\/4sproducts.com\/pt-br\/cabos-de-fibra-optica\/","title":{"rendered":"Cabos de fibra \u00f3ptica"},"content":{"rendered":"<h1>\n\t\tCABOS DE FIBRA \u00d3TICA\n\t<\/h1>\n\t\t\t\t<img decoding=\"async\" src=\"http:\/\/souheil4s.wpengine.com\/wp-content\/uploads\/2018\/09\/fiber-optic-cables-category.png\" alt=\"Fiber Optic Cables Category\" itemprop=\"image\" title=\"Fiber Optic Cables Category\"  \/>\n\t<span><span><a href=\"https:\/\/4sproducts.com\/pt-br\/\">Home<\/a><\/span><\/span>\n\t<h4>\n\t\t\t\tCABOS DE FIBRA \u00d3TICA\n\t\t\t<\/h4>\n\t\t\t\t\t<ul id=\"menu-fiber-optic-cables-portuguese-brazil\"><li id=\"menu-item-2138\"><a href=\"https:\/\/4sproducts.com\/pt-br\/products\/atmos-pt-br\/\">Atmos\u00ae<\/a>\n<ul>\n\t<li id=\"menu-item-2139\"><a href=\"https:\/\/4sproducts.com\/pt-br\/products\/drikore-pt-br\/\">driKore\u00ae<\/a><\/li>\n\t<li id=\"menu-item-2140\"><a href=\"https:\/\/4sproducts.com\/pt-br\/products\/ezkore-pt-br\/\">ezKore\u00ae<\/a><\/li>\n\t<li id=\"menu-item-2141\"><a href=\"https:\/\/4sproducts.com\/pt-br\/products\/gelkore-pt-br\/\">gelKore\u00ae<\/a><\/li>\n<\/ul>\n<\/li>\n<li id=\"menu-item-2142\"><a href=\"https:\/\/4sproducts.com\/pt-br\/products\/terra-pt-br\/\">Terra\u00ae<\/a>\n<ul>\n\t<li id=\"menu-item-2143\"><a href=\"https:\/\/4sproducts.com\/pt-br\/products\/drikore-pt-br-2\/\">driKore\u00ae<\/a><\/li>\n\t<li id=\"menu-item-2144\"><a href=\"https:\/\/4sproducts.com\/pt-br\/products\/ezkore-pt-br-2\/\">ezKore\u00ae<\/a><\/li>\n\t<li id=\"menu-item-2145\"><a href=\"https:\/\/4sproducts.com\/pt-br\/products\/gelkore-pt-br-2\/\">gelKore\u00ae<\/a><\/li>\n<\/ul>\n<\/li>\n<li id=\"menu-item-2146\"><a href=\"https:\/\/4sproducts.com\/pt-br\/products\/drop-fttx-pt-br\/\">Drop\/FTTx<\/a><\/li>\n<\/ul>\t\n\t<p>Nossos Cabos de Fibra \u00d3ptica s\u00e3o produzidos para redes de comunica\u00e7\u00e3o locais e de longa dist\u00e2ncia e s\u00e3o oferecidos em in\u00fameras configura\u00e7\u00f5es. Dependendo do prop\u00f3sito de uso e requisitos de aplica\u00e7\u00e3o, s\u00e3o utilizadas fibras Multi-Mode ou Single-Mode, da mais alta qualidade, em cabos subterr\u00e2neos, dutos e cabos a\u00e9reos, de acordo com a demanda do cliente e as normas internacionais relevantes.<\/p>\n\t<iframe loading=\"lazy\" src=\"https:\/\/player.vimeo.com\/video\/290313084\" width=\"640\" height=\"360\" webkitallowfullscreen mozallowfullscreen allowfullscreen><\/iframe>\n\t<h3>\n\t\t\t\t<a href=\"\/products\/fiber-optic-cables\/atmos\/\" title=\"Atmos\u00ae\" target=\"_self\" rel=\"noopener noreferrer\">\n\t\t\t\tAtmos\u00ae\n\t\t\t\t<\/a>\n\t\t\t<\/h3>\n\t\t<p>A\u00e9reo<\/p>\t\n\t<h3>\n\t\t\t\t<a href=\"\/products\/fiber-optic-cables\/terra\/\" title=\"Terra\u00ae\" target=\"_self\" rel=\"noopener noreferrer\">\n\t\t\t\tTerra\u00ae\n\t\t\t\t<\/a>\n\t\t\t<\/h3>\n\t\t<p>Enterrado<\/p>\t\n\t<h3>\n\t\t\t\t<a href=\"\/products\/fiber-optic-cables\/drop-fttx\/\" title=\"Drop\/FTTx\" target=\"_self\" rel=\"noopener noreferrer\">\n\t\t\t\tDrop\/FTTx\n\t\t\t\t<\/a>\n\t\t\t<\/h3>\n\t<p>a 4S \u00e9 l\u00edder global na ind\u00fastria de fios e cabos com mais de 40 anos de experi\u00eancia na fabrica\u00e7\u00e3o de cabos de energia de baixa, m\u00e9dia e alta tens\u00e3o, cabos de fibra \u00f3ptica, condutores de alum\u00ednio e cabos de cobre para telecomunica\u00e7\u00f5es.<\/p>\n\t<p><a href=\"http:\/\/souheil4s.wpengine.com\/catalogs\/\">Cat\u00e1logo de produtos<\/a><\/p>\n<p><a href=\"http:\/\/souheil4s.wpengine.com\/careers\/\">Carreiras<\/a><\/p>\n<p><a href=\"http:\/\/souheil4s.wpengine.com\/contact\/\">Fale conosco<\/a><\/p>\n\t<strong>Vendas &amp; suporte t\u00e9cnico <\/strong><br \/>\n4621 Ponce de Leon Blvd.<br \/>\nCoral Gables, FL 33146 &#8211; USA\n+1 305.666.7474<br \/>\n+1 305.666.7272 (Fax)\n\tsales@4sproducts.com<br \/>\ntechnical@4sproducts.com<br \/>\nsupport@4sproducts.com\n","protected":false},"excerpt":{"rendered":"<p>CABOS DE FIBRA \u00d3TICA CABOS DE FIBRA \u00d3TICA Atmos\u00ae driKore\u00ae ezKore\u00ae gelKore\u00ae Terra\u00ae driKore\u00ae ezKore\u00ae gelKore\u00ae Drop\/FTTx Nossos Cabos de Fibra \u00d3ptica s\u00e3o produzidos para redes de comunica\u00e7\u00e3o locais e de longa dist\u00e2ncia e s\u00e3o oferecidos em in\u00fameras configura\u00e7\u00f5es. Dependendo do prop\u00f3sito de uso e requisitos de aplica\u00e7\u00e3o, s\u00e3o utilizadas fibras Multi-Mode ou Single-Mode, da&hellip;<\/p>\n","protected":false},"author":1,"featured_media":0,"parent":0,"menu_order":0,"comment_status":"closed","ping_status":"closed","template":"","meta":{"_acf_changed":false,"footnotes":""},"class_list":["post-2064","page","type-page","status-publish","hentry"],"acf":[],"_links":{"self":[{"href":"https:\/\/4sproducts.com\/pt-br\/wp-json\/wp\/v2\/pages\/2064","targetHints":{"allow":["GET"]}}],"collection":[{"href":"https:\/\/4sproducts.com\/pt-br\/wp-json\/wp\/v2\/pages"}],"about":[{"href":"https:\/\/4sproducts.com\/pt-br\/wp-json\/wp\/v2\/types\/page"}],"author":[{"embeddable":true,"href":"https:\/\/4sproducts.com\/pt-br\/wp-json\/wp\/v2\/users\/1"}],"replies":[{"embeddable":true,"href":"https:\/\/4sproducts.com\/pt-br\/wp-json\/wp\/v2\/comments?post=2064"}],"version-history":[{"count":0,"href":"https:\/\/4sproducts.com\/pt-br\/wp-json\/wp\/v2\/pages\/2064\/revisions"}],"wp:attachment":[{"href":"https:\/\/4sproducts.com\/pt-br\/wp-json\/wp\/v2\/media?parent=2064"}],"curies":[{"name":"wp","href":"https:\/\/api.w.org\/{rel}","templated":true}]}}