{"id":2069,"date":"2019-10-07T21:25:18","date_gmt":"2019-10-08T01:25:18","guid":{"rendered":"https:\/\/4sproducts.com\/catalogos\/"},"modified":"2023-09-15T07:40:17","modified_gmt":"2023-09-15T11:40:17","slug":"catalogos","status":"publish","type":"page","link":"https:\/\/4sproducts.com\/pt-br\/catalogos\/","title":{"rendered":"Catalogs"},"content":{"rendered":"\n<h1>\n\t\tCat\u00e1logos\n\t<\/h1>\n\t\t\t<h4>CABOS DE ENERGIA<\/h4>\n\t\t\t<p>Linha completa<br \/>Cat\u00e1logo<br \/><br \/><\/p>\n\t\t\t\t\t\t<a href=\"\/wp-content\/uploads\/flipbook\/2\/mobile\/index.html\" target=\"_blank\" rel=\"noopener\">\n\t\t\t\t<strong>VIsualizar<\/strong>\t\t\t<\/a>\n\t\t\t<h4>CORDOALHA DE A\u00c7O<\/h4>\n\t\t\t<p>Linha completa<br \/>Cat\u00e1logo<br \/><br \/><\/p>\n\t\t\t\t\t\t<a href=\"https:\/\/flipbook-brazil.s3.amazonaws.com\/index.html\" target=\"_blank\" rel=\"noopener\">\n\t\t\t\t<strong>VIsualizar<\/strong>\t\t\t<\/a>\n\t\t\t<h4>CABOS DE ENERGIA<\/h4>\n\t\t\t<p>L-VOLT<br \/>Cobre<br \/>PVC<\/p>\n\t\t\t\t\t\t<a href=\"\/wp-content\/uploads\/2018\/09\/Energy-Cable_L-Volt_copper-PVC.pdf\" target=\"_blank\" rel=\"noopener\">\n\t\t\t\t<strong>DOWNLOAD<\/strong>\t\t\t<\/a>\n\t\t\t<h4>CABOS DE ENERGIA<\/h4>\n\t\t\t<p>L-VOLT<br \/>Cobre<br \/>XLPE<\/p>\n\t\t\t\t\t\t<a href=\"\/wp-content\/uploads\/2018\/09\/Energy-Cable-L-Volt_copper-XLPE-1.pdf\" target=\"_blank\" rel=\"noopener\">\n\t\t\t\t<strong>DOWNLOAD<\/strong>\t\t\t<\/a>\n\t\t\t<h4>CABOS DE ENERGIA<\/h4>\n\t\t\t<p>L-VOLT<br \/>Alum\u00ednio<br \/>PVC<\/p>\n\t\t\t\t\t\t<a href=\"\/wp-content\/uploads\/2018\/09\/Energy-Cable-L-Volt_aluminum-PVC.pdf\" target=\"_blank\" rel=\"noopener\">\n\t\t\t\t<strong>DOWNLOAD<\/strong>\t\t\t<\/a>\n\t\t\t<h4>CABOS DE ENERGIA<\/h4>\n\t\t\t<p>M-VOLT<br \/>Condutor de alum\u00ednio<\/p>\n\t\t\t\t\t\t<a href=\"\/wp-content\/uploads\/2018\/09\/Energy-Cable-m-Volt_aluminum-conductor.pdf\" target=\"_blank\" rel=\"noopener\">\n\t\t\t\t<strong>DOWNLOAD<\/strong>\t\t\t<\/a>\n\t\t\t<h4>CABOS DE ENERGIA<\/h4>\n\t\t\t<p>M-VOLT<br \/>Condutor de cobre<\/p>\n\t\t\t\t\t\t<a href=\"\/wp-content\/uploads\/2018\/09\/Energy-Cable-m-Volt_copper-conductor.pdf\" target=\"_blank\" rel=\"noopener\">\n\t\t\t\t<strong>DOWNLOAD<\/strong>\t\t\t<\/a>\n\t\t\t<h4>CABOS DE ENERGIA<\/h4>\n\t\t\t<p>H-VOLT<br \/>Condutor de cobre<\/p>\n\t\t\t\t\t\t<a href=\"\/wp-content\/uploads\/2018\/09\/Energy-Cables-H-Volt-Copper-Conductor.pdf\" target=\"_blank\" rel=\"noopener\">\n\t\t\t\t<strong>DOWNLOAD<\/strong>\t\t\t<\/a>\n\t\t\t<h4>CONDUTORES DE ALUM\u00cdNIO<\/h4>\n\t\t\t<p>Wire-Rod<br \/><br \/><br \/><\/p>\n\t\t\t\t\t\t<a href=\"\/wp-content\/uploads\/2018\/09\/aluminum_wire-rod.pdf\" target=\"_blank\" rel=\"noopener\">\n\t\t\t\t<strong>DOWNLOAD<\/strong>\t\t\t<\/a>\n\t\t\t<h4>OPGW CABLES<\/h4>\n\t\t\t<br \/><br \/><br \/>\n\t\t\t\t\t\t<a href=\"\/wp-content\/uploads\/2018\/09\/OPGW-Cables.pdf\" target=\"_blank\" rel=\"noopener\">\n\t\t\t\t<strong>DOWNLOAD<\/strong>\t\t\t<\/a>\n\t\t\t<h4>CABOS \u00d3PTICOS<\/h4>\n\t\t\t<p>Drop<br \/>FTTH-FTTB<br \/><br \/><\/p>\n\t\t\t\t\t\t<a href=\"\/wp-content\/uploads\/2018\/09\/Optical_Drop-FTTH-FTTB.pdf\" target=\"_blank\" rel=\"noopener\">\n\t\t\t\t<strong>DOWNLOAD<\/strong>\t\t\t<\/a>\n\t\t\t<h4>CABOS \u00d3PTICOS<\/h4>\n\t\t\t<p>Aerial<br \/>ezKore<\/p>\n\t\t\t\t\t\t<a href=\"https:\/\/4sproducts.com\/binder-atmos-ezkore\/\" target=\"_blank\" rel=\"noopener\">\n\t\t\t\t<strong>DOWNLOAD<\/strong>\t\t\t<\/a>\n\t\t\t<h4>CABOS \u00d3PTICOS<\/h4>\n\t\t\tAerial<br \/>DriKore\n\t\t\t\t\t\t<a href=\"\/wp-content\/uploads\/2018\/09\/Optical-Aerial-DriKore.pdf\" target=\"_blank\" rel=\"noopener\">\n\t\t\t\t<strong>DOWNLOAD<\/strong>\t\t\t<\/a>\n\t\t\t<h4>CABOS \u00d3PTICOS<\/h4>\n\t\t\t<p>Aerial<br \/>GelKore<\/p>\n\t\t\t\t\t\t<a href=\"\/wp-content\/uploads\/2018\/09\/Optical-Aerial-GelKore.pdf\" target=\"_blank\" rel=\"noopener\">\n\t\t\t\t<strong>DOWNLOAD<\/strong>\t\t\t<\/a>\n\t\t\t<h4>CABOS \u00d3PTICOS<\/h4>\n\t\t\t<p>Enterrado<br \/>ezKore<\/p>\n\t\t\t\t\t\t<a href=\"https:\/\/4sproducts.com\/binder-terra-ezkore\/\" target=\"_blank\" rel=\"noopener\">\n\t\t\t\t<strong>DOWNLOAD<\/strong>\t\t\t<\/a>\n\t\t\t<h4>CABOS \u00d3PTICOS<\/h4>\n\t\t\t<p>Enterrado<br \/>DriKore<\/p>\n\t\t\t\t\t\t<a href=\"\/wp-content\/uploads\/2018\/09\/Optical-Burried-DriKore.pdf\" target=\"_blank\" rel=\"noopener\">\n\t\t\t\t<strong>DOWNLOAD<\/strong>\t\t\t<\/a>\n\t\t\t<h4>CABOS \u00d3PTICOS<\/h4>\n\t\t\t<p>Enterrado<br \/>GelKore<\/p>\n\t\t\t\t\t\t<a href=\"\/wp-content\/uploads\/2018\/09\/Optical-Burried-GelKore.pdf\" target=\"_blank\" rel=\"noopener\">\n\t\t\t\t<strong>DOWNLOAD<\/strong>\t\t\t<\/a>\n\t\t\t<h4>CABOS \u00d3PTICOS<\/h4>\n\t\t\t<p>Drop Wire FTTx<br \/><br \/><\/p>\n\t\t\t\t\t\t<a href=\"https:\/\/4sproducts.com\/01_binder_optical_fttx\/\" target=\"_blank\" rel=\"noopener\">\n\t\t\t\t<strong>DOWNLOAD<\/strong>   \t\t\t<\/a>\n\t\t\t<h4>FIOS DE COBRE E GOTA<\/h4>\n\t\t\t<br \/>\n\t\t\t\t\t\t<a href=\"\/wp-content\/uploads\/2018\/09\/Copper-Wires-Drop.pdf\" target=\"_blank\" rel=\"noopener\">\n\t\t\t\t<strong>DOWNLOAD<\/strong>\t\t\t<\/a>\n\t\t\t<h4>CABOS DE COBRE TELECOM<\/h4>\n\t\t\t<br \/><br \/>\n\t\t\t\t\t\t<a href=\"\/wp-content\/uploads\/2018\/09\/Telecom-Cables-.pdf\" target=\"_blank\" rel=\"noopener\">\n\t\t\t\t<strong>DOWNLOAD<\/strong>\t\t\t<\/a>\n\t<p>A 4S \u00e9 l\u00edder global na ind\u00fastria de fios e cabos com mais de 40 anos de experi\u00eancia na fabrica\u00e7\u00e3o de cabos de energia de baixa, m\u00e9dia e alta tens\u00e3o, cabos de fibra \u00f3tica, condutores de alum\u00ednio e cabos de cobre para o setor de telecomunica\u00e7\u00e3o.<\/p>\n\t<p><a href=\"http:\/\/souheil4s.wpengine.com\/catalogs\/\">Cat\u00e1logo de Produtos<\/a><\/p>\n<p><a href=\"http:\/\/souheil4s.wpengine.com\/careers\/\">Carreiras<\/a><\/p>\n<p><a href=\"http:\/\/souheil4s.wpengine.com\/contact\/\">Fale Conosco<\/a><\/p>\n\t<strong>Vendas &amp; Suporte T\u00e9cnico <\/strong><br \/>\n4621 Ponce de Leon Blvd.<br \/>\nCoral Gables, FL 33146 &#8211; USA\n+1 305.666.7474<br \/>\n+1 305.666.7272 (Fax)\n\tsales@4sproducts.com<br \/>\ntechnical@4sproducts.com<br \/>\nsupport@4sproducts.com\n\n","protected":false},"excerpt":{"rendered":"<p>Cat\u00e1logos CABOS DE ENERGIA Linha completaCat\u00e1logo VIsualizar CORDOALHA DE A\u00c7O Linha completaCat\u00e1logo VIsualizar CABOS DE ENERGIA L-VOLTCobrePVC DOWNLOAD CABOS DE ENERGIA L-VOLTCobreXLPE DOWNLOAD CABOS DE ENERGIA L-VOLTAlum\u00ednioPVC DOWNLOAD CABOS DE ENERGIA M-VOLTCondutor de alum\u00ednio DOWNLOAD CABOS DE ENERGIA M-VOLTCondutor de cobre DOWNLOAD CABOS DE ENERGIA H-VOLTCondutor de cobre DOWNLOAD CONDUTORES DE ALUM\u00cdNIO Wire-Rod DOWNLOAD OPGW&hellip;<\/p>\n","protected":false},"author":1,"featured_media":0,"parent":0,"menu_order":0,"comment_status":"closed","ping_status":"closed","template":"","meta":{"_acf_changed":false,"footnotes":""},"class_list":["post-2069","page","type-page","status-publish","hentry"],"acf":[],"_links":{"self":[{"href":"https:\/\/4sproducts.com\/pt-br\/wp-json\/wp\/v2\/pages\/2069","targetHints":{"allow":["GET"]}}],"collection":[{"href":"https:\/\/4sproducts.com\/pt-br\/wp-json\/wp\/v2\/pages"}],"about":[{"href":"https:\/\/4sproducts.com\/pt-br\/wp-json\/wp\/v2\/types\/page"}],"author":[{"embeddable":true,"href":"https:\/\/4sproducts.com\/pt-br\/wp-json\/wp\/v2\/users\/1"}],"replies":[{"embeddable":true,"href":"https:\/\/4sproducts.com\/pt-br\/wp-json\/wp\/v2\/comments?post=2069"}],"version-history":[{"count":0,"href":"https:\/\/4sproducts.com\/pt-br\/wp-json\/wp\/v2\/pages\/2069\/revisions"}],"wp:attachment":[{"href":"https:\/\/4sproducts.com\/pt-br\/wp-json\/wp\/v2\/media?parent=2069"}],"curies":[{"name":"wp","href":"https:\/\/api.w.org\/{rel}","templated":true}]}}