{"id":2071,"date":"2019-10-07T21:38:24","date_gmt":"2019-10-08T01:38:24","guid":{"rendered":"https:\/\/4sproducts.com\/garantia-e-logistica\/"},"modified":"2020-06-08T16:03:50","modified_gmt":"2020-06-08T20:03:50","slug":"garantia-e-logistica","status":"publish","type":"page","link":"https:\/\/4sproducts.com\/pt-br\/garantia-e-logistica\/","title":{"rendered":"Garantia e Log\u00edstica"},"content":{"rendered":"<h1>\n\t\tGarantia e Log\u00edstica\n\t<\/h1>\n\t<p>Todos os nossos produtos s\u00e3o fabricados usando as tecnologias mais avan\u00e7adas e mat\u00e9rias-primas de alt\u00edssima qualidade, de conformidade com as normas internacionais e exig\u00eancias de nossos clientes.<\/p>\n<p>Ao longo dos anos, constru\u00edmos excelente reputa\u00e7\u00e3o na fabrica\u00e7\u00e3o de cabos da mais alta qualidade e por oferecermos o melhor atendimento ao cliente que se pode imaginar.<\/p>\n<p>N\u00e3o nos contentamos com nada menos que o melhor. Somos conhecidos em todo o planeta por entregarmosas solu\u00e7\u00f5es de cabos mais seguras, mais eficientes e sem imperfei\u00e7\u00f5es. Para garantir os produtos da mais alta qualidade, nossos cabos passam por rigorosos procedimentos de controle de qualidade e testes realizados por laborat\u00f3rios de renome mundial! <\/p>\n<p>Nossos cabos externos tamb\u00e9m oferecem uma <strong>garantia imcompar\u00e1vel de 36 meses.<\/strong> Essa garantia superior representa a melhor cobertura no setor e \u00e9 a express\u00e3o de nossos altos padr\u00f5es e do compromisso para com nossos clientes.<\/p>\n\t<p>Temos um hist\u00f3rico impec\u00e1vel de entregar nossos cabos nos locais mais remotos, da forma mais eficiente e pontual. Nossa experiente equipe de log\u00edstica e nossos sistemas tecnol\u00f3gicos de vanguarda nos permitem acompanhar sua encomenda a cada etapa do caminho, garantindo que nossos produtos sempre sejam transportados com seguran\u00e7a e sejam entregues pontualmente.<\/p>\n\t\t\t\t<img decoding=\"async\" src=\"http:\/\/souheil4s.wpengine.com\/wp-content\/uploads\/2018\/10\/Warranty.jpg\" alt=\"Warranty\" itemprop=\"image\" title=\"Warranty\"  \/>\n\t<p>a 4S \u00e9 l\u00edder global na ind\u00fastria de fios e cabos com mais de 40 anos de experi\u00eancia na fabrica\u00e7\u00e3o de cabos de energia de baixa, m\u00e9dia e alta tens\u00e3o, cabos de fibra \u00f3ptica, condutores de alum\u00ednio e cabos de cobre para telecomunica\u00e7\u00f5es.<\/p>\n\t<p><a href=\"http:\/\/souheil4s.wpengine.com\/catalogs\/\">Cat\u00e1logo de produtos<\/a><\/p>\n<p><a href=\"http:\/\/souheil4s.wpengine.com\/careers\/\">Carreiras<\/a><\/p>\n<p><a href=\"http:\/\/souheil4s.wpengine.com\/contact\/\">Fale conosco<\/a><\/p>\n\t<strong>Vendas &amp; suporte t\u00e9cnico <\/strong><br \/>\n4621 Ponce de Leon Blvd.<br \/>\nCoral Gables, FL 33146 &#8211; USA\n+1 305.666.7474<br \/>\n+1 305.666.7272 (Fax)\n\tsales@4sproducts.com<br \/>\ntechnical@4sproducts.com<br \/>\nsupport@4sproducts.com\n","protected":false},"excerpt":{"rendered":"<p>Garantia e Log\u00edstica Todos os nossos produtos s\u00e3o fabricados usando as tecnologias mais avan\u00e7adas e mat\u00e9rias-primas de alt\u00edssima qualidade, de conformidade com as normas internacionais e exig\u00eancias de nossos clientes. Ao longo dos anos, constru\u00edmos excelente reputa\u00e7\u00e3o na fabrica\u00e7\u00e3o de cabos da mais alta qualidade e por oferecermos o melhor atendimento ao cliente que se&hellip;<\/p>\n","protected":false},"author":1,"featured_media":0,"parent":0,"menu_order":0,"comment_status":"closed","ping_status":"closed","template":"","meta":{"_acf_changed":false,"footnotes":""},"class_list":["post-2071","page","type-page","status-publish","hentry"],"acf":[],"_links":{"self":[{"href":"https:\/\/4sproducts.com\/pt-br\/wp-json\/wp\/v2\/pages\/2071","targetHints":{"allow":["GET"]}}],"collection":[{"href":"https:\/\/4sproducts.com\/pt-br\/wp-json\/wp\/v2\/pages"}],"about":[{"href":"https:\/\/4sproducts.com\/pt-br\/wp-json\/wp\/v2\/types\/page"}],"author":[{"embeddable":true,"href":"https:\/\/4sproducts.com\/pt-br\/wp-json\/wp\/v2\/users\/1"}],"replies":[{"embeddable":true,"href":"https:\/\/4sproducts.com\/pt-br\/wp-json\/wp\/v2\/comments?post=2071"}],"version-history":[{"count":0,"href":"https:\/\/4sproducts.com\/pt-br\/wp-json\/wp\/v2\/pages\/2071\/revisions"}],"wp:attachment":[{"href":"https:\/\/4sproducts.com\/pt-br\/wp-json\/wp\/v2\/media?parent=2071"}],"curies":[{"name":"wp","href":"https:\/\/api.w.org\/{rel}","templated":true}]}}