{"id":2212,"date":"2019-10-08T13:46:51","date_gmt":"2019-10-08T17:46:51","guid":{"rendered":"https:\/\/4sproducts.com\/pagina-inicial\/"},"modified":"2024-06-10T12:17:18","modified_gmt":"2024-06-10T16:17:18","slug":"pagina-inicial","status":"publish","type":"page","link":"https:\/\/4sproducts.com\/pt-br\/","title":{"rendered":"Home"},"content":{"rendered":"\n\n\t<h1>40+ ANOS PRODUZINDO<\/h1>\n<h1>cabos de Telecomunica\u00e7\u00e3o e Energia com a mais alta qualidade<\/h1>\n\t\t\t<a href=\"http:\/\/souheil4s.wpengine.com\/products\/\" target=\"_self\" rel=\"noopener\">\n\t\t\t\t\t\t\t<strong>CONHE\u00c7A NOSSOS CABOS<\/strong>\n\t\t\t\t\t<\/a>\n\t<h3>L\u00edder Global<\/h3>\n<p>A 4S produz cabos de Telecomunica\u00e7\u00e3o e Energia para os mercados mundiais do setor industrial, energia, constru\u00e7\u00e3o civil, produtos especiais e telecomunica\u00e7\u00f5es.<\/p>\n\t<h3>40+ Anos de Experi\u00eancia<\/h3>\n<p>A 4S est\u00e1 sempre na vanguarda da cont\u00ednua evolu\u00e7\u00e3o dos mercados de Telecomunica\u00e7\u00f5es e Energia, propiciando o fortalecimento de nossos clientes com nossa performance e qualidade excepcionais.<\/p>\n\t<h3>Portf\u00f3lio Din\u00e2mico<\/h3>\n<p>Qualidade e inova\u00e7\u00e3o est\u00e3o incorporadas em todas as etapas de nossos processos, garantindo um portf\u00f3lio din\u00e2mico de produtos, capaz de atender a todas as necessidades de nossos clientes.<\/p>\n<h2>\n\t\tCONECTANDO PESSOAS E ENERGIZANDO CIDADES\n\t<\/h2>\n\t<h1>O que oferecemos<\/h1>\n\t\t\t\t\t\t\t\t\t\t\t\t<h2>QUALIDADE<\/h2>\n\t\t\t\t\t\t<p>Abordagem centrada na qualidade desde o in\u00edcio at\u00e9 a conclus\u00e3o do produto e al\u00e9m.<\/p>\t\t\t\t\t\n\t\t\t<!-- END .front -->\n\t\t\t\t\t\t<p>Nossos cabos passam por rigorosos testes de certifica\u00e7\u00e3o e controle de qualidade antes do envio e oferecemos um programa de garantia incompar\u00e1vel de 36 meses para nossos cabos externos. Laborat\u00f3rios de renome mundial testam nossos produtos e oferecemos um <strong>programa de garantia incompar\u00e1vel de 36 meses<\/strong> para nossos cabos externos.<\/p>\t\t\t\t\t\n\t\t\t<a href=\"http:\/\/souheil4s.wpengine.com\/warranty-logistics\/\" target=\"_self\" role=\"button\" rel=\"noopener\">\n\t\t\t\t\t\t\t<strong>Read More<\/strong>\n\t\t<\/a>\n\t\t\t<!-- END .back -->\n\t\t <!-- ifb-flip-box -->\n\t <!-- flip-box -->\n\t\t\t\t\t\t\t\t\t\t\t\t<h2>FABRICA\u00c7\u00c3O<\/h2>\n\t\t\t\t\t\t<p>Uma \u00fanica planta com instala\u00e7\u00f5es totalmente integradas, curtos per\u00edodos de produ\u00e7\u00e3o e rigoroso controle de qualidade.<\/p>\t\t\t\t\t\n\t\t\t<!-- END .front -->\n\t\t\t\t\t\t<p>Todos os procedimentos de produ\u00e7\u00e3o e controle de qualidade s\u00e3o certificados pelas normas ISO 9001, ISO 14001, OHSAS 18001 e est\u00e3o em conformidade com os padr\u00f5es internacionais relevantes, como VDE, GOST, IEC, BS, CENELEC, TIA\/EIA, ITU.<\/p>\t\t\t\t\t\n\t\t\t<a href=\"http:\/\/souheil4s.wpengine.com\/products\/\" target=\"_self\" role=\"button\" rel=\"noopener\">\n\t\t\t\t\t\t\t<strong>Read More<\/strong>\n\t\t<\/a>\n\t\t\t<!-- END .back -->\n\t\t <!-- ifb-flip-box -->\n\t <!-- flip-box -->\n\t\t\t\t\t\t\t\t\t\t\t\t<h2>INOVA\u00c7\u00c3O<\/h2>\n\t\t\t\t\t\t<p>Inovamos a cada passo do caminho, o que resulta em solu\u00e7\u00f5es de ponta para nossos clientes, funcion\u00e1rios e comunidades.<\/p>\n\t\t\t<!-- END .front -->\n\t\t\t\t\t\t<p>Fabricamos nossos produtos em instala\u00e7\u00f5es totalmente integradas, equipadas com as mais recentes tecnologias, m\u00e1quinas e s\u00e3o supervisionadas por uma equipe comprometida e experiente.<\/p>\n\t\t\t<a href=\"http:\/\/souheil4s.wpengine.com\/about-us\/\" target=\"_self\" role=\"button\" rel=\"noopener\">\n\t\t\t\t\t\t\t<strong>Read More<\/strong>\n\t\t<\/a>\n\t\t\t<!-- END .back -->\n\t\t <!-- ifb-flip-box -->\n\t <!-- flip-box -->\n\t\t\t\t\t\t\t\t\t\t\t\t<h2>FINANCIAMENTO<\/h2>\n\t\t\t\t\t\t<p>Oferecemos op\u00e7\u00f5es de financiamento flex\u00edveis e atraentes que atendem a todas as suas necessidades. <\/p>\t\t\t\t\t\n\t\t\t<!-- END .front -->\n\t\t\t\t\t\t<p>Oferecemos programas de financiamento de curto, m\u00e9dio e longo prazo. Para saber mais sobre nossos programas de financiamento de um ano, entre em contato conosco.<\/p>\t\t\t\t\t\n\t\t\t<a href=\"http:\/\/souheil4s.wpengine.com\/contact\/\" target=\"_self\" role=\"button\" rel=\"noopener\">\n\t\t\t\t\t\t\t<strong>Read More<\/strong>\n\t\t<\/a>\n\t\t\t<!-- END .back -->\n\t\t <!-- ifb-flip-box -->\n\t <!-- flip-box -->\n<h2>\n\t\t L\u00cdDER MUNDIAL COM ATENDIMENTO LOCAL IMPEC\u00c1VEL\n\t<\/h2>\n\t<h1>A excel\u00eancia n\u00e3o tem limites<\/h1>\n\t<iframe loading=\"lazy\" src=\"https:\/\/player.vimeo.com\/video\/276043486\" width=\"640\" height=\"360\" allowfullscreen><\/iframe>\n\t\t\t\t\t\t\t\t\t\t<img decoding=\"async\" src=\"http:\/\/4sproducts.com\/wp-content\/uploads\/2018\/05\/distribution-and-logistics.jpg\" alt=\"Distribui\u00e7\u00e3o e Log\u00edstica\" itemprop=\"image\"  \/>\n\t\t\t\t\t\t\t\t\t\t\t\t\t\t\t\t\t\t\t\t\t\t\t\tDistribui\u00e7\u00e3o e Log\u00edstica\n\t\t\t\t\t\t\t\t\t\t<img decoding=\"async\" src=\"http:\/\/4sproducts.com\/wp-content\/uploads\/2018\/05\/4s-aerial-view.jpg\" alt=\"Uma \u00fanica f\u00e1brica com infraestrutura totalmente integrada.\" itemprop=\"image\"  \/>\n\t\t\t\t\t\t\t\t\t\t\t\t\t\t\t\t\t\t\t\t\t\t\t\tUma \u00fanica f\u00e1brica com infraestrutura totalmente integrada.\n\t\t\t\t\t\t\t\t\t\t<img decoding=\"async\" src=\"http:\/\/4sproducts.com\/wp-content\/uploads\/2018\/05\/aluminum-strand-production-unit.jpg\" alt=\"Unidades de Produ\u00e7\u00e3o de Cabos de Energia: Unidade de Produ\u00e7\u00e3o de Fios de Alum\u00ednio \" itemprop=\"image\"  \/>\n\t\t\t\t\t\t\t\t\t\t\t\t\t\t\t\t\t\t\t\t\t\t\t\tUnidades de Produ\u00e7\u00e3o de Cabos de Energia: Unidade de Produ\u00e7\u00e3o de Fios de Alum\u00ednio \n\t\t\t\t\t\t\t\t\t\t<img decoding=\"async\" src=\"http:\/\/4sproducts.com\/wp-content\/uploads\/2018\/05\/copper-cable-unit.jpg\" alt=\"Unidades de Produ\u00e7\u00e3o de Cabos de Cobre para Telecomunica\u00e7\u00f5es \" itemprop=\"image\"  \/>\n\t\t\t\t\t\t\t\t\t\t\t\t\t\t\t\t\t\t\t\t\t\t\t\tUnidades de Produ\u00e7\u00e3o de Cabos de Cobre para Telecomunica\u00e7\u00f5es \n\t\t\t\t\t\t\t\t\t\t<img decoding=\"async\" src=\"http:\/\/4sproducts.com\/wp-content\/uploads\/2018\/05\/fiber-optic-cable-production-unit.jpg\" alt=\"Unidade de Produ\u00e7\u00e3o de Cabo de Fibra \u00d3ptica\" itemprop=\"image\"  \/>\n\t\t\t\t\t\t\t\t\t\t\t\t\t\t\t\t\t\t\t\t\t\t\t\tUnidade de Produ\u00e7\u00e3o de Cabo de Fibra \u00d3ptica\n\t\t\t\t\t\t\t\t\t\t<img decoding=\"async\" src=\"http:\/\/4sproducts.com\/wp-content\/uploads\/2018\/05\/copper-electrolysis-plant.jpg\" alt=\"Unidade de Produ\u00e7\u00e3o de Cabos de Cobre para Telecomunica\u00e7\u00f5es: Planta de Eletr\u00f3lise de Cobre\" itemprop=\"image\"  \/>\n\t\t\t\t\t\t\t\t\t\t\t\t\t\t\t\t\t\t\t\t\t\t\t\tUnidade de Produ\u00e7\u00e3o de Cabos de Cobre para Telecomunica\u00e7\u00f5es: Planta de Eletr\u00f3lise de Cobre\n\t\t\t\t\t\t\t\t\t\t<img decoding=\"async\" src=\"http:\/\/4sproducts.com\/wp-content\/uploads\/2018\/05\/cables-ready-for-deployment.jpg\" alt=\"Cabos prontos para implanta\u00e7\u00e3o\" itemprop=\"image\"  \/>\n\t\t\t\t\t\t\t\t\t\t\t\t\t\t\t\t\t\t\t\t\t\t\t\tCabos prontos para implanta\u00e7\u00e3o\n\t\t110,000\n\t\t\t\t\t\u00c1REA CONSTRU\u00cdDA M\u00b2\n\t\t392,086\n\t\t\t\t\t\u00c1REA TOTAL M\u00b2\n\t\t1,200\n\t\t\t\t\tPROFISSIONAIS EXPERIENTES\n\t\t120\n\t\t\t\t\tPA\u00cdSES\n\t<h1>nossos produtos<\/h1>\n\t<p>A excel\u00eancia n\u00e3o tem limites. Todos os nossos produtos s\u00e3o fabricados com as mais recentes tecnologias e mat\u00e9rias-primas l\u00edderes de acordo com padr\u00f5es internacionais e requisitos do cliente.<\/p>\n\t\t\t\t\t\t\t\t\t\t\t<img decoding=\"async\" src=\"https:\/\/4sproducts.com\/wp-content\/uploads\/2018\/05\/energy-cables.jpg\" alt=\"Production capacity 100,000 tons\"\/>\n\t\t\t\t\t<p>Capacidade de produ\u00e7\u00e3o 100.000 toneladas<\/p>\t\t\t\t\t\n\t\t\t<a href=\"https:\/\/4sproducts.com\/pt-br\/cabos-de-energia\/\" target=\"_self\" role=\"button\" rel=\"noopener\">\n\t\t\t\t\t\t\t<strong>Ver<\/strong>\n\t\t<\/a>\n\t\t\t\t<h4>\n\t\t\tCABOS DE<br \/>ENERGIA\t\t<\/h4>\n\t\t\t\t\t\t\t\t\t\t\t<img decoding=\"async\" src=\"https:\/\/4sproducts.com\/wp-content\/uploads\/2018\/05\/aluminum-conductors.jpg\" alt=\"Production capacity 50,000 tons\"\/>\n\t\t\t\t\t<p>Capacidade de produ\u00e7\u00e3o 50.000 toneladas<\/p>\t\t\t\t\t\n\t\t\t<a href=\"https:\/\/4sproducts.com\/pt-br\/condutores-de-aluminio\/\" target=\"_self\" role=\"button\" rel=\"noopener\">\n\t\t\t\t\t\t\t<strong>Ver<\/strong>\n\t\t<\/a>\n\t\t\t\t<h4>\n\t\t\tCONDUTORES DE ALUM\u00cdNIO<br \/>\t\t<\/h4>\n\t\t\t\t\t\t\t\t\t\t\t<img decoding=\"async\" src=\"https:\/\/4sproducts.com\/wp-content\/uploads\/2018\/05\/fiber-optic-cables.jpg\" alt=\"Production capacity 1,200,000 fiber-km\"\/>\n\t\t\t\t\t<p>Capacidade de produ\u00e7\u00e3o 1.200.000 de fibra-km<\/p>\t\t\t\t\t\n\t\t\t<a href=\"https:\/\/4sproducts.com\/pt-br\/cabos-de-fibra-optica\/\" target=\"_self\" role=\"button\" rel=\"noopener\">\n\t\t\t\t\t\t\t<strong>Ver<\/strong>\n\t\t<\/a>\n\t\t\t\t<h4>\n\t\t\tCABOS DE FIBRA \u00d3PTICA<br \/>\t\t<\/h4>\n\t\t\t\t\t\t\t\t\t\t\t<img decoding=\"async\" src=\"https:\/\/4sproducts.com\/wp-content\/uploads\/2020\/08\/galvanized-strand.jpg\" alt=\"galvanized-strand\"\/>\n\t\t\t\t\t<p>26.000 toneladas de cabo de a\u00e7o<\/p>\t\t\t\t\t\n\t\t\t<a href=\"https:\/\/4sproducts.com\/pt-br\/cordoalha-de-aco\/\" target=\"_self\" role=\"button\" rel=\"noopener\">\n\t\t\t\t\t\t\t<strong>Ver<\/strong>\n\t\t<\/a>\n\t\t\t\t<h4>\n\t\t\tCORDOALHAS<br \/> DE A\u00c7O\t\t<\/h4>\n\t\t\t\t\t\t\t\t\t\t\t<img decoding=\"async\" src=\"https:\/\/4sproducts.com\/wp-content\/uploads\/2018\/05\/telecom-cable.jpg\" alt=\"Production capacity 10,000,000 conductor\/meter\"\/>\n\t\t\t\t\t<p>Capacidade de produ\u00e7\u00e3o 10.000.000 condutores\/metro<\/p>\t\t\t\t\t\n\t\t\t<a href=\"https:\/\/4sproducts.com\/pt-br\/cabos-de-cobre-de-telecomunicacoes\/\" target=\"_self\" role=\"button\" rel=\"noopener\">\n\t\t\t\t\t\t\t<strong>Ver<\/strong>\n\t\t<\/a>\n\t\t\t\t<h4>\n\t\t\tCABOS DE COBRE PARA TELECOM<br \/>\t\t<\/h4>\n<h2>\n\t\tENTREGA PONTUAL EST\u00c1 NA ESS\u00caNCIA DE NOSSO ATENDIMENTO\n\t<\/h2>\n\t<h1>ind\u00fastrias que atendemos<\/h1>\n\t\t\t\tOEMs<br \/>\nPetr\u00f3leo &#038; G\u00e1s<br \/>\nMinera\u00e7\u00e3o<br \/>\nMunic\u00edpios<br \/>\nCidades<br \/>\nDistribuidores &#038; Revendedores\n\t\t\t\tProjetos de energia Renov\u00e1vel &#038; EPCs<br \/>\nOperadoras de Telefonia<br \/>\nConcession\u00e1rias de Energia El\u00e9trica<br \/>\nOperadoras de TV a Cabo<br \/>\nProvedores de Servi\u00e7os de Internet<br \/>\nProvedores de Servi\u00e7os M\u00f3veis<br \/>\nEmpreiteiras e Integradoras de Sistemas\n\t<style>\n    .fl-node-5aeb89801967f &gt; .fl-row-content-wrap::after {\n    background-color: transparent !important;\n    background: -webkit-linear-gradient( -135deg, rgba(225, 255, 255, 0) 0%, rgba(225, 255, 255, 0) 54.96%, rgba(255, 255, 255, 1) 55%, rgba(255, 255, 255, 1) 55%);\n    background: -moz-linear-gradient( -135deg, rgba(225, 255, 255, 0) 0%, rgba(225, 255, 255, 0) 54.96%, rgba(255, 255, 255, 1) 55%, rgba(255, 255, 255, 1) 55%);\n    background: -ms-linear-gradient( -135deg, rgba(225, 255, 255, 0) 0%, rgba(225, 255, 255, 0) 54.96%, rgba(255, 255, 255, 1) 55%, rgba(255, 255, 255, 1) 55%);\n    background: linear-gradient( -65deg, rgba(225, 255, 255, 0) 0%, rgba(225, 255, 255, 0) 54.96%, rgba(255, 255, 255, 1) 55%, rgba(255, 255, 255, 1) 55%);}\n<\/style>\n\t<h1>certifica\u00e7\u00f5es<\/h1>\n\t\t\t\t<img decoding=\"async\" src=\"http:\/\/souheil4s.wpengine.com\/wp-content\/uploads\/2018\/10\/csa.png\" alt=\"csa\" itemprop=\"image\" title=\"csa\" onerror=\"this.style.display='none'\"  \/>\n\t\t\t\t<img decoding=\"async\" src=\"http:\/\/souheil4s.wpengine.com\/wp-content\/uploads\/2018\/10\/etl.png\" alt=\"etl\" itemprop=\"image\" title=\"etl\" onerror=\"this.style.display='none'\"  \/>\n\t\t\t\t<img decoding=\"async\" src=\"http:\/\/souheil4s.wpengine.com\/wp-content\/uploads\/2018\/10\/icea.png\" alt=\"icea\" itemprop=\"image\" title=\"icea\" onerror=\"this.style.display='none'\"  \/>\n\t\t\t\t<img decoding=\"async\" src=\"http:\/\/souheil4s.wpengine.com\/wp-content\/uploads\/2018\/10\/itu.png\" alt=\"itu\" itemprop=\"image\" title=\"itu\" onerror=\"this.style.display='none'\"  \/>\n\t\t\t\t<img decoding=\"async\" src=\"http:\/\/souheil4s.wpengine.com\/wp-content\/uploads\/2018\/10\/dve.png\" alt=\"dve\" itemprop=\"image\" title=\"dve\" onerror=\"this.style.display='none'\"  \/>\n\t\t\t\t<img decoding=\"async\" src=\"http:\/\/souheil4s.wpengine.com\/wp-content\/uploads\/2018\/10\/pct.png\" alt=\"pct\" itemprop=\"image\" title=\"pct\" onerror=\"this.style.display='none'\"  \/>\n\t\t\t\t<img decoding=\"async\" src=\"http:\/\/souheil4s.wpengine.com\/wp-content\/uploads\/2018\/10\/scte.png\" alt=\"scte\" itemprop=\"image\" title=\"scte\" onerror=\"this.style.display='none'\"  \/>\n\t\t\t\t<img decoding=\"async\" src=\"http:\/\/souheil4s.wpengine.com\/wp-content\/uploads\/2018\/10\/astm.png\" alt=\"astm\" itemprop=\"image\" title=\"astm\" onerror=\"this.style.display='none'\"  \/>\n\t\t\t\t<img decoding=\"async\" src=\"http:\/\/souheil4s.wpengine.com\/wp-content\/uploads\/2018\/10\/ce.png\" alt=\"ce\" itemprop=\"image\" title=\"ce\" onerror=\"this.style.display='none'\"  \/>\n\t\t\t\t<img decoding=\"async\" src=\"http:\/\/souheil4s.wpengine.com\/wp-content\/uploads\/2018\/10\/ul.png\" alt=\"ul\" itemprop=\"image\" title=\"ul\" onerror=\"this.style.display='none'\"  \/>\n\t\t\t\t<img decoding=\"async\" src=\"http:\/\/souheil4s.wpengine.com\/wp-content\/uploads\/2018\/10\/telecordia.png\" alt=\"telecordia\" itemprop=\"image\" title=\"telecordia\" onerror=\"this.style.display='none'\"  \/>\n\t\t\t\t<img decoding=\"async\" src=\"http:\/\/souheil4s.wpengine.com\/wp-content\/uploads\/2018\/10\/eia.png\" alt=\"eia\" itemprop=\"image\" title=\"eia\" onerror=\"this.style.display='none'\"  \/>\n\t\t\t\t<img decoding=\"async\" src=\"http:\/\/souheil4s.wpengine.com\/wp-content\/uploads\/2018\/10\/ansi.png\" alt=\"ansi\" itemprop=\"image\" title=\"ansi\" onerror=\"this.style.display='none'\"  \/>\n\t\t\t\t<img decoding=\"async\" src=\"http:\/\/souheil4s.wpengine.com\/wp-content\/uploads\/2018\/10\/scteisbe.png\" alt=\"scteisbe\" itemprop=\"image\" title=\"scteisbe\" onerror=\"this.style.display='none'\"  \/>\n\t\t\t\t<img decoding=\"async\" src=\"http:\/\/souheil4s.wpengine.com\/wp-content\/uploads\/2018\/10\/iec.png\" alt=\"iec\" itemprop=\"image\" title=\"iec\" onerror=\"this.style.display='none'\"  \/>\n\t\t\t\t<img decoding=\"async\" src=\"http:\/\/souheil4s.wpengine.com\/wp-content\/uploads\/2018\/10\/tuv.png\" alt=\"tuv\" itemprop=\"image\" title=\"tuv\" onerror=\"this.style.display='none'\"  \/>\n\t\t\t\t<img decoding=\"async\" src=\"http:\/\/souheil4s.wpengine.com\/wp-content\/uploads\/2018\/10\/rohs.png\" alt=\"rohs\" itemprop=\"image\" title=\"rohs\" onerror=\"this.style.display='none'\"  \/>\n\t\t\t\t<img decoding=\"async\" src=\"http:\/\/souheil4s.wpengine.com\/wp-content\/uploads\/2018\/10\/tia.png\" alt=\"tia\" itemprop=\"image\" title=\"tia\" onerror=\"this.style.display='none'\"  \/>\n\t\t\t\t<img decoding=\"async\" src=\"http:\/\/souheil4s.wpengine.com\/wp-content\/uploads\/2018\/10\/ieee.png\" alt=\"ieee\" itemprop=\"image\" title=\"ieee\" onerror=\"this.style.display='none'\"  \/>\n\t\t\t\t<img decoding=\"async\" src=\"http:\/\/souheil4s.wpengine.com\/wp-content\/uploads\/2018\/10\/insulated.png\" alt=\"insulated\" itemprop=\"image\" title=\"insulated\" onerror=\"this.style.display='none'\"  \/>\n\t<h1>Fale Conosco<\/h1>\n\t<p>Nossas equipes de atendimento ao cliente est\u00e3o prontas para ajud\u00e1-lo, a qualquer hora, em qualquer lugar.<\/p>\n\t<h3>4SProducts<\/h3>\n<p>Teremos o maior prazer em conversar sobre as necessidades de seu projeto ou sobre o que voc\u00ea precisa e qual solu\u00e7\u00e3o podemos oferecer. Para isso, preencha o formul\u00e1rio ou ligue para n\u00f3s.<\/p>\n4621 Ponce de Leon Blvd. Coral Gables, FL 33146<br \/>\nTelefone: +1 305.666.7474<br \/>\nFax: +1 305.666.7272<br \/>\nEmail: support@4sproducts.com\n\t<p>A 4S \u00e9 l\u00edder global na ind\u00fastria de fios e cabos com mais de 40 anos de experi\u00eancia na fabrica\u00e7\u00e3o de cabos de energia de baixa, m\u00e9dia e alta tens\u00e3o, cabos de fibra \u00f3tica, condutores de alum\u00ednio e cabos de cobre para o setor de telecomunica\u00e7\u00e3o.<\/p>\n\t<p><a href=\"http:\/\/souheil4s.wpengine.com\/catalogs\/\">Cat\u00e1logo de Produtos<\/a><\/p>\n<p><a href=\"http:\/\/souheil4s.wpengine.com\/careers\/\">Carreiras<\/a><\/p>\n<p><a href=\"http:\/\/souheil4s.wpengine.com\/contact\/\">Fale Conosco<\/a><\/p>\n\t<strong>Vendas &amp; Suporte T\u00e9cnico <\/strong><br \/>\n4621 Ponce de Leon Blvd.<br \/>\nCoral Gables, FL 33146 &#8211; USA\n+1 305.666.7474<br \/>\n+1 305.666.7272 (Fax)\n\tsales@4sproducts.com<br \/>\ntechnical@4sproducts.com<br \/>\nsupport@4sproducts.com\n\n","protected":false},"excerpt":{"rendered":"<p>40+ ANOS PRODUZINDO cabos de Telecomunica\u00e7\u00e3o e Energia com a mais alta qualidade CONHE\u00c7A NOSSOS CABOS L\u00edder Global A 4S produz cabos de Telecomunica\u00e7\u00e3o e Energia para os mercados mundiais do setor industrial, energia, constru\u00e7\u00e3o civil, produtos especiais e telecomunica\u00e7\u00f5es. 40+ Anos de Experi\u00eancia A 4S est\u00e1 sempre na vanguarda da cont\u00ednua evolu\u00e7\u00e3o dos mercados&hellip;<\/p>\n","protected":false},"author":1,"featured_media":0,"parent":0,"menu_order":0,"comment_status":"closed","ping_status":"closed","template":"","meta":{"_acf_changed":false,"footnotes":""},"class_list":["post-2212","page","type-page","status-publish","hentry"],"acf":[],"_links":{"self":[{"href":"https:\/\/4sproducts.com\/pt-br\/wp-json\/wp\/v2\/pages\/2212","targetHints":{"allow":["GET"]}}],"collection":[{"href":"https:\/\/4sproducts.com\/pt-br\/wp-json\/wp\/v2\/pages"}],"about":[{"href":"https:\/\/4sproducts.com\/pt-br\/wp-json\/wp\/v2\/types\/page"}],"author":[{"embeddable":true,"href":"https:\/\/4sproducts.com\/pt-br\/wp-json\/wp\/v2\/users\/1"}],"replies":[{"embeddable":true,"href":"https:\/\/4sproducts.com\/pt-br\/wp-json\/wp\/v2\/comments?post=2212"}],"version-history":[{"count":0,"href":"https:\/\/4sproducts.com\/pt-br\/wp-json\/wp\/v2\/pages\/2212\/revisions"}],"wp:attachment":[{"href":"https:\/\/4sproducts.com\/pt-br\/wp-json\/wp\/v2\/media?parent=2212"}],"curies":[{"name":"wp","href":"https:\/\/api.w.org\/{rel}","templated":true}]}}